{"id":32759,"date":"2025-11-25T13:24:24","date_gmt":"2025-11-25T10:24:24","guid":{"rendered":"https:\/\/kervanmagazacilik.com\/?post_type=product&#038;p=32759"},"modified":"2025-11-25T13:24:25","modified_gmt":"2025-11-25T10:24:25","slug":"611artf00419","status":"publish","type":"product","link":"https:\/\/kervanmagazacilik.com\/index.php\/urun\/611artf00419\/","title":{"rendered":"611ARTF00419"},"content":{"rendered":"<p>611ARTF00419<\/p>\n<p>ALCOVE YATAK KREM-KAHVE 236x220x183cm 321136-2801FB-HB-RS<\/p>\n<p>Yatak i\u00e7in i\u00e7 yatak \u00f6l\u00e7\u00fcs\u00fc 193 x 203 cm&#8217;dir.<\/p>\n","protected":false},"excerpt":{"rendered":"<p>611ARTF00419 ALCOVE YATAK KREM-KAHVE 236x220x183cm 321136-2801FB-HB-RS Yatak i\u00e7in i\u00e7 yatak \u00f6l\u00e7\u00fcs\u00fc 193 x 203 cm&#8217;dir.<\/p>\n","protected":false},"featured_media":32760,"template":"","meta":[],"product_brand":[],"product_cat":[41],"product_tag":[7131],"class_list":{"0":"post-32759","1":"product","2":"type-product","3":"status-publish","4":"has-post-thumbnail","6":"product_cat-611artf","7":"product_tag-611artf00419","9":"first","10":"instock","11":"taxable","12":"shipping-taxable","13":"product-type-simple"},"_links":{"self":[{"href":"https:\/\/kervanmagazacilik.com\/index.php\/wp-json\/wp\/v2\/product\/32759","targetHints":{"allow":["GET"]}}],"collection":[{"href":"https:\/\/kervanmagazacilik.com\/index.php\/wp-json\/wp\/v2\/product"}],"about":[{"href":"https:\/\/kervanmagazacilik.com\/index.php\/wp-json\/wp\/v2\/types\/product"}],"wp:featuredmedia":[{"embeddable":true,"href":"https:\/\/kervanmagazacilik.com\/index.php\/wp-json\/wp\/v2\/media\/32760"}],"wp:attachment":[{"href":"https:\/\/kervanmagazacilik.com\/index.php\/wp-json\/wp\/v2\/media?parent=32759"}],"wp:term":[{"taxonomy":"product_brand","embeddable":true,"href":"https:\/\/kervanmagazacilik.com\/index.php\/wp-json\/wp\/v2\/product_brand?post=32759"},{"taxonomy":"product_cat","embeddable":true,"href":"https:\/\/kervanmagazacilik.com\/index.php\/wp-json\/wp\/v2\/product_cat?post=32759"},{"taxonomy":"product_tag","embeddable":true,"href":"https:\/\/kervanmagazacilik.com\/index.php\/wp-json\/wp\/v2\/product_tag?post=32759"}],"curies":[{"name":"wp","href":"https:\/\/api.w.org\/{rel}","templated":true}]}}