{"id":32750,"date":"2025-11-25T12:38:13","date_gmt":"2025-11-25T09:38:13","guid":{"rendered":"https:\/\/kervanmagazacilik.com\/?post_type=product&#038;p=32750"},"modified":"2025-11-25T12:38:14","modified_gmt":"2025-11-25T09:38:14","slug":"611artf00355","status":"publish","type":"product","link":"https:\/\/kervanmagazacilik.com\/index.php\/urun\/611artf00355\/","title":{"rendered":"611ARTF00355"},"content":{"rendered":"<p>611ARTF00355<\/p>\n<p>ARCH\u0130TRAVE YATAK+2 KOMOD\u0130N 227.97&#215;167.64&#215;176.53cm 277125-2608FB-HB-RS-233140-2802<\/p>\n<p>Yatak i\u00e7in i\u00e7 yatak \u00f6l\u00e7\u00fcs\u00fc 153 x 203 cm&#8217;dir.<\/p>\n","protected":false},"excerpt":{"rendered":"<p>611ARTF00355 ARCH\u0130TRAVE YATAK+2 KOMOD\u0130N 227.97&#215;167.64&#215;176.53cm 277125-2608FB-HB-RS-233140-2802 Yatak i\u00e7in i\u00e7 yatak \u00f6l\u00e7\u00fcs\u00fc 153 x 203 cm&#8217;dir.<\/p>\n","protected":false},"featured_media":32752,"template":"","meta":[],"product_brand":[],"product_cat":[41],"product_tag":[7130],"class_list":{"0":"post-32750","1":"product","2":"type-product","3":"status-publish","4":"has-post-thumbnail","6":"product_cat-611artf","7":"product_tag-611artf00355","9":"first","10":"instock","11":"taxable","12":"shipping-taxable","13":"product-type-simple"},"_links":{"self":[{"href":"https:\/\/kervanmagazacilik.com\/index.php\/wp-json\/wp\/v2\/product\/32750","targetHints":{"allow":["GET"]}}],"collection":[{"href":"https:\/\/kervanmagazacilik.com\/index.php\/wp-json\/wp\/v2\/product"}],"about":[{"href":"https:\/\/kervanmagazacilik.com\/index.php\/wp-json\/wp\/v2\/types\/product"}],"wp:featuredmedia":[{"embeddable":true,"href":"https:\/\/kervanmagazacilik.com\/index.php\/wp-json\/wp\/v2\/media\/32752"}],"wp:attachment":[{"href":"https:\/\/kervanmagazacilik.com\/index.php\/wp-json\/wp\/v2\/media?parent=32750"}],"wp:term":[{"taxonomy":"product_brand","embeddable":true,"href":"https:\/\/kervanmagazacilik.com\/index.php\/wp-json\/wp\/v2\/product_brand?post=32750"},{"taxonomy":"product_cat","embeddable":true,"href":"https:\/\/kervanmagazacilik.com\/index.php\/wp-json\/wp\/v2\/product_cat?post=32750"},{"taxonomy":"product_tag","embeddable":true,"href":"https:\/\/kervanmagazacilik.com\/index.php\/wp-json\/wp\/v2\/product_tag?post=32750"}],"curies":[{"name":"wp","href":"https:\/\/api.w.org\/{rel}","templated":true}]}}