{"id":32724,"date":"2025-11-25T12:20:05","date_gmt":"2025-11-25T09:20:05","guid":{"rendered":"https:\/\/kervanmagazacilik.com\/?post_type=product&#038;p=32724"},"modified":"2025-11-25T12:20:05","modified_gmt":"2025-11-25T09:20:05","slug":"611artf00325","status":"publish","type":"product","link":"https:\/\/kervanmagazacilik.com\/index.php\/urun\/611artf00325\/","title":{"rendered":"611ARTF00325"},"content":{"rendered":"<p>611ARTF00325<\/p>\n<p>ARCH SALVAGE YATAK+2 KOM.256x191x208cm 233155-2802FB-HB-RS-233142-2802<\/p>\n<p>KOMOD\u0130N : 51x100x81cm<\/p>\n<p>Yatak i\u00e7in i\u00e7 yatak \u00f6l\u00e7\u00fcs\u00fc 153 x 203 cm&#8217;dir.<\/p>\n<p>Yata\u011f\u0131n i\u00e7 \u00f6l\u00e7\u00fcs\u00fc:166.5x208cm<\/p>\n<p>&nbsp;<\/p>\n","protected":false},"excerpt":{"rendered":"<p>611ARTF00325 ARCH SALVAGE YATAK+2 KOM.256x191x208cm 233155-2802FB-HB-RS-233142-2802 KOMOD\u0130N : 51x100x81cm Yatak i\u00e7in i\u00e7 yatak \u00f6l\u00e7\u00fcs\u00fc 153 x 203 cm&#8217;dir. Yata\u011f\u0131n i\u00e7 \u00f6l\u00e7\u00fcs\u00fc:166.5x208cm &nbsp;<\/p>\n","protected":false},"featured_media":32726,"template":"","meta":[],"product_brand":[],"product_cat":[41],"product_tag":[7127],"class_list":{"0":"post-32724","1":"product","2":"type-product","3":"status-publish","4":"has-post-thumbnail","6":"product_cat-611artf","7":"product_tag-611artf00325","9":"first","10":"instock","11":"taxable","12":"shipping-taxable","13":"product-type-simple"},"_links":{"self":[{"href":"https:\/\/kervanmagazacilik.com\/index.php\/wp-json\/wp\/v2\/product\/32724","targetHints":{"allow":["GET"]}}],"collection":[{"href":"https:\/\/kervanmagazacilik.com\/index.php\/wp-json\/wp\/v2\/product"}],"about":[{"href":"https:\/\/kervanmagazacilik.com\/index.php\/wp-json\/wp\/v2\/types\/product"}],"wp:featuredmedia":[{"embeddable":true,"href":"https:\/\/kervanmagazacilik.com\/index.php\/wp-json\/wp\/v2\/media\/32726"}],"wp:attachment":[{"href":"https:\/\/kervanmagazacilik.com\/index.php\/wp-json\/wp\/v2\/media?parent=32724"}],"wp:term":[{"taxonomy":"product_brand","embeddable":true,"href":"https:\/\/kervanmagazacilik.com\/index.php\/wp-json\/wp\/v2\/product_brand?post=32724"},{"taxonomy":"product_cat","embeddable":true,"href":"https:\/\/kervanmagazacilik.com\/index.php\/wp-json\/wp\/v2\/product_cat?post=32724"},{"taxonomy":"product_tag","embeddable":true,"href":"https:\/\/kervanmagazacilik.com\/index.php\/wp-json\/wp\/v2\/product_tag?post=32724"}],"curies":[{"name":"wp","href":"https:\/\/api.w.org\/{rel}","templated":true}]}}