{"id":32722,"date":"2025-11-25T12:09:53","date_gmt":"2025-11-25T09:09:53","guid":{"rendered":"https:\/\/kervanmagazacilik.com\/?post_type=product&#038;p=32722"},"modified":"2025-11-25T12:09:54","modified_gmt":"2025-11-25T09:09:54","slug":"611artf00544","status":"publish","type":"product","link":"https:\/\/kervanmagazacilik.com\/index.php\/urun\/611artf00544\/","title":{"rendered":"611ARTF00544"},"content":{"rendered":"<p>611ARTF00544<\/p>\n<p>SAGRADA \u00dc\u00c7L\u00dc KOLTUK KREM 99x219x72cm 764501-5403<\/p>\n","protected":false},"excerpt":{"rendered":"<p>611ARTF00544 SAGRADA \u00dc\u00c7L\u00dc KOLTUK KREM 99x219x72cm 764501-5403<\/p>\n","protected":false},"featured_media":32723,"template":"","meta":[],"product_brand":[],"product_cat":[41],"product_tag":[7126],"class_list":{"0":"post-32722","1":"product","2":"type-product","3":"status-publish","4":"has-post-thumbnail","6":"product_cat-611artf","7":"product_tag-611artf00544","9":"first","10":"instock","11":"taxable","12":"shipping-taxable","13":"product-type-simple"},"_links":{"self":[{"href":"https:\/\/kervanmagazacilik.com\/index.php\/wp-json\/wp\/v2\/product\/32722","targetHints":{"allow":["GET"]}}],"collection":[{"href":"https:\/\/kervanmagazacilik.com\/index.php\/wp-json\/wp\/v2\/product"}],"about":[{"href":"https:\/\/kervanmagazacilik.com\/index.php\/wp-json\/wp\/v2\/types\/product"}],"wp:featuredmedia":[{"embeddable":true,"href":"https:\/\/kervanmagazacilik.com\/index.php\/wp-json\/wp\/v2\/media\/32723"}],"wp:attachment":[{"href":"https:\/\/kervanmagazacilik.com\/index.php\/wp-json\/wp\/v2\/media?parent=32722"}],"wp:term":[{"taxonomy":"product_brand","embeddable":true,"href":"https:\/\/kervanmagazacilik.com\/index.php\/wp-json\/wp\/v2\/product_brand?post=32722"},{"taxonomy":"product_cat","embeddable":true,"href":"https:\/\/kervanmagazacilik.com\/index.php\/wp-json\/wp\/v2\/product_cat?post=32722"},{"taxonomy":"product_tag","embeddable":true,"href":"https:\/\/kervanmagazacilik.com\/index.php\/wp-json\/wp\/v2\/product_tag?post=32722"}],"curies":[{"name":"wp","href":"https:\/\/api.w.org\/{rel}","templated":true}]}}