{"id":32703,"date":"2025-11-25T12:01:11","date_gmt":"2025-11-25T09:01:11","guid":{"rendered":"https:\/\/kervanmagazacilik.com\/?post_type=product&#038;p=32703"},"modified":"2025-11-25T12:01:12","modified_gmt":"2025-11-25T09:01:12","slug":"611artf00540","status":"publish","type":"product","link":"https:\/\/kervanmagazacilik.com\/index.php\/urun\/611artf00540\/","title":{"rendered":"611ARTF00540"},"content":{"rendered":"<p>611ARTF00540<\/p>\n<p>MAGR\u0130TTE \u00dc\u00c7L\u00dc KOLTUK GR\u0130 102x231x102cm 528501-1730AA<\/p>\n<p>KAD\u0130FE KUMA\u015e<\/p>\n","protected":false},"excerpt":{"rendered":"<p>611ARTF00540 MAGR\u0130TTE \u00dc\u00c7L\u00dc KOLTUK GR\u0130 102x231x102cm 528501-1730AA KAD\u0130FE KUMA\u015e<\/p>\n","protected":false},"featured_media":32704,"template":"","meta":[],"product_brand":[],"product_cat":[41],"product_tag":[7123],"class_list":{"0":"post-32703","1":"product","2":"type-product","3":"status-publish","4":"has-post-thumbnail","6":"product_cat-611artf","7":"product_tag-611artf00540","9":"first","10":"instock","11":"taxable","12":"shipping-taxable","13":"product-type-simple"},"_links":{"self":[{"href":"https:\/\/kervanmagazacilik.com\/index.php\/wp-json\/wp\/v2\/product\/32703","targetHints":{"allow":["GET"]}}],"collection":[{"href":"https:\/\/kervanmagazacilik.com\/index.php\/wp-json\/wp\/v2\/product"}],"about":[{"href":"https:\/\/kervanmagazacilik.com\/index.php\/wp-json\/wp\/v2\/types\/product"}],"wp:featuredmedia":[{"embeddable":true,"href":"https:\/\/kervanmagazacilik.com\/index.php\/wp-json\/wp\/v2\/media\/32704"}],"wp:attachment":[{"href":"https:\/\/kervanmagazacilik.com\/index.php\/wp-json\/wp\/v2\/media?parent=32703"}],"wp:term":[{"taxonomy":"product_brand","embeddable":true,"href":"https:\/\/kervanmagazacilik.com\/index.php\/wp-json\/wp\/v2\/product_brand?post=32703"},{"taxonomy":"product_cat","embeddable":true,"href":"https:\/\/kervanmagazacilik.com\/index.php\/wp-json\/wp\/v2\/product_cat?post=32703"},{"taxonomy":"product_tag","embeddable":true,"href":"https:\/\/kervanmagazacilik.com\/index.php\/wp-json\/wp\/v2\/product_tag?post=32703"}],"curies":[{"name":"wp","href":"https:\/\/api.w.org\/{rel}","templated":true}]}}