{"id":32694,"date":"2025-11-25T11:46:52","date_gmt":"2025-11-25T08:46:52","guid":{"rendered":"https:\/\/kervanmagazacilik.com\/?post_type=product&#038;p=32694"},"modified":"2025-11-25T11:46:53","modified_gmt":"2025-11-25T08:46:53","slug":"611artf00541","status":"publish","type":"product","link":"https:\/\/kervanmagazacilik.com\/index.php\/urun\/611artf00541\/","title":{"rendered":"611ARTF00541"},"content":{"rendered":"<p>611ARTF00541<\/p>\n<p>MAGR\u0130TTE TEKL\u0130 KOLTUK GR\u0130 102x89x97cm 528503-1730AA<\/p>\n<p>KAD\u0130FE KUMA\u015e<\/p>\n","protected":false},"excerpt":{"rendered":"<p>611ARTF00541 MAGR\u0130TTE TEKL\u0130 KOLTUK GR\u0130 102x89x97cm 528503-1730AA KAD\u0130FE KUMA\u015e<\/p>\n","protected":false},"featured_media":32695,"template":"","meta":[],"product_brand":[],"product_cat":[41],"product_tag":[7122],"class_list":{"0":"post-32694","1":"product","2":"type-product","3":"status-publish","4":"has-post-thumbnail","6":"product_cat-611artf","7":"product_tag-611artf00541","9":"first","10":"instock","11":"taxable","12":"shipping-taxable","13":"product-type-simple"},"_links":{"self":[{"href":"https:\/\/kervanmagazacilik.com\/index.php\/wp-json\/wp\/v2\/product\/32694","targetHints":{"allow":["GET"]}}],"collection":[{"href":"https:\/\/kervanmagazacilik.com\/index.php\/wp-json\/wp\/v2\/product"}],"about":[{"href":"https:\/\/kervanmagazacilik.com\/index.php\/wp-json\/wp\/v2\/types\/product"}],"wp:featuredmedia":[{"embeddable":true,"href":"https:\/\/kervanmagazacilik.com\/index.php\/wp-json\/wp\/v2\/media\/32695"}],"wp:attachment":[{"href":"https:\/\/kervanmagazacilik.com\/index.php\/wp-json\/wp\/v2\/media?parent=32694"}],"wp:term":[{"taxonomy":"product_brand","embeddable":true,"href":"https:\/\/kervanmagazacilik.com\/index.php\/wp-json\/wp\/v2\/product_brand?post=32694"},{"taxonomy":"product_cat","embeddable":true,"href":"https:\/\/kervanmagazacilik.com\/index.php\/wp-json\/wp\/v2\/product_cat?post=32694"},{"taxonomy":"product_tag","embeddable":true,"href":"https:\/\/kervanmagazacilik.com\/index.php\/wp-json\/wp\/v2\/product_tag?post=32694"}],"curies":[{"name":"wp","href":"https:\/\/api.w.org\/{rel}","templated":true}]}}