{"id":32565,"date":"2025-11-20T09:53:09","date_gmt":"2025-11-20T06:53:09","guid":{"rendered":"https:\/\/kervanmagazacilik.com\/?post_type=product&#038;p=32565"},"modified":"2025-11-20T09:53:09","modified_gmt":"2025-11-20T06:53:09","slug":"142wol000051","status":"publish","type":"product","link":"https:\/\/kervanmagazacilik.com\/index.php\/urun\/142wol000051\/","title":{"rendered":"142WOL000051"},"content":{"rendered":"<p>142WOL000051<\/p>\n<p>\u0130K\u0130L\u0130 45X70 cm \u00c7AM A\u011eA\u00c7 NAKI\u015eLI HAVLU BEYAZ-KIRMIZI<\/p>\n<p>30 derece narin y\u0131kama \u00c7ama\u015f\u0131r suyu konmaz Kurutma makinesinde kurutulamaz D\u00fc\u015f\u00fck \u0131s\u0131da \u00fct\u00fclenmelidir<\/p>\n","protected":false},"excerpt":{"rendered":"<p>142WOL000051 \u0130K\u0130L\u0130 45X70 cm \u00c7AM A\u011eA\u00c7 NAKI\u015eLI HAVLU BEYAZ-KIRMIZI 30 derece narin y\u0131kama \u00c7ama\u015f\u0131r suyu konmaz Kurutma makinesinde kurutulamaz D\u00fc\u015f\u00fck \u0131s\u0131da \u00fct\u00fclenmelidir<\/p>\n","protected":false},"featured_media":32566,"template":"","meta":[],"product_brand":[],"product_cat":[3707],"product_tag":[7110],"class_list":{"0":"post-32565","1":"product","2":"type-product","3":"status-publish","4":"has-post-thumbnail","6":"product_cat-142wol","7":"product_tag-142wol000051","9":"first","10":"instock","11":"taxable","12":"shipping-taxable","13":"product-type-simple"},"_links":{"self":[{"href":"https:\/\/kervanmagazacilik.com\/index.php\/wp-json\/wp\/v2\/product\/32565","targetHints":{"allow":["GET"]}}],"collection":[{"href":"https:\/\/kervanmagazacilik.com\/index.php\/wp-json\/wp\/v2\/product"}],"about":[{"href":"https:\/\/kervanmagazacilik.com\/index.php\/wp-json\/wp\/v2\/types\/product"}],"wp:featuredmedia":[{"embeddable":true,"href":"https:\/\/kervanmagazacilik.com\/index.php\/wp-json\/wp\/v2\/media\/32566"}],"wp:attachment":[{"href":"https:\/\/kervanmagazacilik.com\/index.php\/wp-json\/wp\/v2\/media?parent=32565"}],"wp:term":[{"taxonomy":"product_brand","embeddable":true,"href":"https:\/\/kervanmagazacilik.com\/index.php\/wp-json\/wp\/v2\/product_brand?post=32565"},{"taxonomy":"product_cat","embeddable":true,"href":"https:\/\/kervanmagazacilik.com\/index.php\/wp-json\/wp\/v2\/product_cat?post=32565"},{"taxonomy":"product_tag","embeddable":true,"href":"https:\/\/kervanmagazacilik.com\/index.php\/wp-json\/wp\/v2\/product_tag?post=32565"}],"curies":[{"name":"wp","href":"https:\/\/api.w.org\/{rel}","templated":true}]}}