{"id":32516,"date":"2025-11-20T09:03:18","date_gmt":"2025-11-20T06:03:18","guid":{"rendered":"https:\/\/kervanmagazacilik.com\/?post_type=product&#038;p=32516"},"modified":"2025-11-21T09:40:38","modified_gmt":"2025-11-21T06:40:38","slug":"10176npt00031","status":"publish","type":"product","link":"https:\/\/kervanmagazacilik.com\/index.php\/urun\/10176npt00031\/","title":{"rendered":"10176NPT00031"},"content":{"rendered":"<p>10176NPT00031<\/p>\n<p>KOKU KESES\u0130\/ARABA NAKI\u015eLI HAVLU 45&#215;70 cm KUTULU SET BEYAZ<\/p>\n<p>\u0130\u00c7ER\u0130K; ASETATLI KRAFT KUTU (10X32X8 CM) + KOKU TA\u015eLI KESE (KESE \u00d6L\u00c7\u00dcS\u00dc:8X8 CM) + SPREY KOKU (50 CC) + KAR TANES\u0130 KOKU TA\u015eI (\u00c7AP:8 CM) + HAVLU (45X70 CM) NOT: HAVLU \u00d6L\u00c7\u00dcS\u00dc +\/- 5 CM DE\u011e\u0130\u015eKENL\u0130K G\u00d6STEREB\u0130L\u0130R KOKU: PURENESS<\/p>\n","protected":false},"excerpt":{"rendered":"<p>10176NPT00031 KOKU KESES\u0130\/ARABA NAKI\u015eLI HAVLU 45&#215;70 cm KUTULU SET BEYAZ \u0130\u00c7ER\u0130K; ASETATLI KRAFT KUTU (10X32X8 CM) + KOKU TA\u015eLI KESE (KESE \u00d6L\u00c7\u00dcS\u00dc:8X8 CM) + SPREY KOKU (50 CC) + KAR TANES\u0130 KOKU TA\u015eI (\u00c7AP:8 CM) + HAVLU (45X70 CM) NOT: HAVLU \u00d6L\u00c7\u00dcS\u00dc +\/- 5 CM DE\u011e\u0130\u015eKENL\u0130K G\u00d6STEREB\u0130L\u0130R KOKU: PURENESS<\/p>\n","protected":false},"featured_media":32517,"template":"","meta":[],"product_brand":[],"product_cat":[2101],"product_tag":[7101],"class_list":{"0":"post-32516","1":"product","2":"type-product","3":"status-publish","4":"has-post-thumbnail","6":"product_cat-10176npt","7":"product_tag-10176npt00031","9":"first","10":"instock","11":"taxable","12":"shipping-taxable","13":"product-type-simple"},"_links":{"self":[{"href":"https:\/\/kervanmagazacilik.com\/index.php\/wp-json\/wp\/v2\/product\/32516","targetHints":{"allow":["GET"]}}],"collection":[{"href":"https:\/\/kervanmagazacilik.com\/index.php\/wp-json\/wp\/v2\/product"}],"about":[{"href":"https:\/\/kervanmagazacilik.com\/index.php\/wp-json\/wp\/v2\/types\/product"}],"wp:featuredmedia":[{"embeddable":true,"href":"https:\/\/kervanmagazacilik.com\/index.php\/wp-json\/wp\/v2\/media\/32517"}],"wp:attachment":[{"href":"https:\/\/kervanmagazacilik.com\/index.php\/wp-json\/wp\/v2\/media?parent=32516"}],"wp:term":[{"taxonomy":"product_brand","embeddable":true,"href":"https:\/\/kervanmagazacilik.com\/index.php\/wp-json\/wp\/v2\/product_brand?post=32516"},{"taxonomy":"product_cat","embeddable":true,"href":"https:\/\/kervanmagazacilik.com\/index.php\/wp-json\/wp\/v2\/product_cat?post=32516"},{"taxonomy":"product_tag","embeddable":true,"href":"https:\/\/kervanmagazacilik.com\/index.php\/wp-json\/wp\/v2\/product_tag?post=32516"}],"curies":[{"name":"wp","href":"https:\/\/api.w.org\/{rel}","templated":true}]}}