{"id":32510,"date":"2025-11-20T09:00:10","date_gmt":"2025-11-20T06:00:10","guid":{"rendered":"https:\/\/kervanmagazacilik.com\/?post_type=product&#038;p=32510"},"modified":"2025-11-21T09:39:03","modified_gmt":"2025-11-21T06:39:03","slug":"10176npt00030","status":"publish","type":"product","link":"https:\/\/kervanmagazacilik.com\/index.php\/urun\/10176npt00030\/","title":{"rendered":"10176NPT00030"},"content":{"rendered":"<p>10176NPT00030<\/p>\n<p>ODA KOKUSU\/\u00c7AM A\u011eACI NAKI\u015eLI HAVLU 45&#215;70 cm KUTULU SET BEYAZ<\/p>\n<p>\u0130\u00c7ER\u0130K; ASETATLI KRAFT KUTU (10X32X8 CM) + KOKU TA\u015eLI, KARE CAMLI ODA KOKUSU \u015e\u0130\u015eES\u0130 (50 CC) + SPREY KOKU (50 CC) + HAVLU (45X70 CM) NOT: HAVLU \u00d6L\u00c7\u00dcS\u00dc +\/- 5 CM DE\u011e\u0130\u015eKENL\u0130K G\u00d6STEREB\u0130L\u0130R KOKU: PURENESS<\/p>\n","protected":false},"excerpt":{"rendered":"<p>10176NPT00030 ODA KOKUSU\/\u00c7AM A\u011eACI NAKI\u015eLI HAVLU 45&#215;70 cm KUTULU SET BEYAZ \u0130\u00c7ER\u0130K; ASETATLI KRAFT KUTU (10X32X8 CM) + KOKU TA\u015eLI, KARE CAMLI ODA KOKUSU \u015e\u0130\u015eES\u0130 (50 CC) + SPREY KOKU (50 CC) + HAVLU (45X70 CM) NOT: HAVLU \u00d6L\u00c7\u00dcS\u00dc +\/- 5 CM DE\u011e\u0130\u015eKENL\u0130K G\u00d6STEREB\u0130L\u0130R KOKU: PURENESS<\/p>\n","protected":false},"featured_media":32512,"template":"","meta":[],"product_brand":[],"product_cat":[2101],"product_tag":[7100],"class_list":{"0":"post-32510","1":"product","2":"type-product","3":"status-publish","4":"has-post-thumbnail","6":"product_cat-10176npt","7":"product_tag-10176npt00030","9":"first","10":"instock","11":"taxable","12":"shipping-taxable","13":"product-type-simple"},"_links":{"self":[{"href":"https:\/\/kervanmagazacilik.com\/index.php\/wp-json\/wp\/v2\/product\/32510","targetHints":{"allow":["GET"]}}],"collection":[{"href":"https:\/\/kervanmagazacilik.com\/index.php\/wp-json\/wp\/v2\/product"}],"about":[{"href":"https:\/\/kervanmagazacilik.com\/index.php\/wp-json\/wp\/v2\/types\/product"}],"wp:featuredmedia":[{"embeddable":true,"href":"https:\/\/kervanmagazacilik.com\/index.php\/wp-json\/wp\/v2\/media\/32512"}],"wp:attachment":[{"href":"https:\/\/kervanmagazacilik.com\/index.php\/wp-json\/wp\/v2\/media?parent=32510"}],"wp:term":[{"taxonomy":"product_brand","embeddable":true,"href":"https:\/\/kervanmagazacilik.com\/index.php\/wp-json\/wp\/v2\/product_brand?post=32510"},{"taxonomy":"product_cat","embeddable":true,"href":"https:\/\/kervanmagazacilik.com\/index.php\/wp-json\/wp\/v2\/product_cat?post=32510"},{"taxonomy":"product_tag","embeddable":true,"href":"https:\/\/kervanmagazacilik.com\/index.php\/wp-json\/wp\/v2\/product_tag?post=32510"}],"curies":[{"name":"wp","href":"https:\/\/api.w.org\/{rel}","templated":true}]}}