{"id":32505,"date":"2025-11-20T08:55:34","date_gmt":"2025-11-20T05:55:34","guid":{"rendered":"https:\/\/kervanmagazacilik.com\/?post_type=product&#038;p=32505"},"modified":"2025-11-21T09:37:17","modified_gmt":"2025-11-21T06:37:17","slug":"10176npt00029","status":"publish","type":"product","link":"https:\/\/kervanmagazacilik.com\/index.php\/urun\/10176npt00029\/","title":{"rendered":"10176NPT00029"},"content":{"rendered":"<p>10176NPT00029<\/p>\n<p>BANYO TUZU\/NOEL BABA NAKI\u015eLI HAVLU 45&#215;70 cm KUTULU SET YE\u015e\u0130L<\/p>\n<p>\u0130\u00c7ER\u0130K; ASETATLI KRAFT KUTU (10X32X8 CM) + CAM \u015e\u0130\u015eE \u0130\u00c7ER\u0130S\u0130NDE BANYO TUZU (100 CC) + KAPAKLI METAL KUTU \u0130\u00c7ER\u0130S\u0130NDE MUM (\u00c7AP:7 CM, MUM: 60GR) + HAVLU (45X70 CM) NOT: HAVLU \u00d6L\u00c7\u00dcS\u00dc +\/- 5 CM DE\u011e\u0130\u015eKENL\u0130K G\u00d6STEREB\u0130L\u0130R KOKU: PURENESS<\/p>\n","protected":false},"excerpt":{"rendered":"<p>10176NPT00029 BANYO TUZU\/NOEL BABA NAKI\u015eLI HAVLU 45&#215;70 cm KUTULU SET YE\u015e\u0130L \u0130\u00c7ER\u0130K; ASETATLI KRAFT KUTU (10X32X8 CM) + CAM \u015e\u0130\u015eE \u0130\u00c7ER\u0130S\u0130NDE BANYO TUZU (100 CC) + KAPAKLI METAL KUTU \u0130\u00c7ER\u0130S\u0130NDE MUM (\u00c7AP:7 CM, MUM: 60GR) + HAVLU (45X70 CM) NOT: HAVLU \u00d6L\u00c7\u00dcS\u00dc +\/- 5 CM DE\u011e\u0130\u015eKENL\u0130K G\u00d6STEREB\u0130L\u0130R KOKU: PURENESS<\/p>\n","protected":false},"featured_media":32506,"template":"","meta":[],"product_brand":[],"product_cat":[2101],"product_tag":[7099],"class_list":{"0":"post-32505","1":"product","2":"type-product","3":"status-publish","4":"has-post-thumbnail","6":"product_cat-10176npt","7":"product_tag-10176npt00029","9":"first","10":"instock","11":"taxable","12":"shipping-taxable","13":"product-type-simple"},"_links":{"self":[{"href":"https:\/\/kervanmagazacilik.com\/index.php\/wp-json\/wp\/v2\/product\/32505","targetHints":{"allow":["GET"]}}],"collection":[{"href":"https:\/\/kervanmagazacilik.com\/index.php\/wp-json\/wp\/v2\/product"}],"about":[{"href":"https:\/\/kervanmagazacilik.com\/index.php\/wp-json\/wp\/v2\/types\/product"}],"wp:featuredmedia":[{"embeddable":true,"href":"https:\/\/kervanmagazacilik.com\/index.php\/wp-json\/wp\/v2\/media\/32506"}],"wp:attachment":[{"href":"https:\/\/kervanmagazacilik.com\/index.php\/wp-json\/wp\/v2\/media?parent=32505"}],"wp:term":[{"taxonomy":"product_brand","embeddable":true,"href":"https:\/\/kervanmagazacilik.com\/index.php\/wp-json\/wp\/v2\/product_brand?post=32505"},{"taxonomy":"product_cat","embeddable":true,"href":"https:\/\/kervanmagazacilik.com\/index.php\/wp-json\/wp\/v2\/product_cat?post=32505"},{"taxonomy":"product_tag","embeddable":true,"href":"https:\/\/kervanmagazacilik.com\/index.php\/wp-json\/wp\/v2\/product_tag?post=32505"}],"curies":[{"name":"wp","href":"https:\/\/api.w.org\/{rel}","templated":true}]}}