{"id":32456,"date":"2025-11-19T13:22:25","date_gmt":"2025-11-19T10:22:25","guid":{"rendered":"https:\/\/kervanmagazacilik.com\/?post_type=product&#038;p=32456"},"modified":"2025-11-21T11:04:21","modified_gmt":"2025-11-21T08:04:21","slug":"10176npt00042","status":"publish","type":"product","link":"https:\/\/kervanmagazacilik.com\/index.php\/urun\/10176npt00042\/","title":{"rendered":"10176NPT00042"},"content":{"rendered":"<p>10176NPT00042<\/p>\n<p>BAMBU KUTULU MUMLUK SET\u0130<\/p>\n<p>\u0130\u00c7ER\u0130K; BAMBU KUTU (11,5X25,5X5,5 CM) + 2 ADET \u00c7AM A\u011eA\u00c7LI MUM (\u00c7AP: 4 CM, DI\u015eI PLAST\u0130KT\u0130R) + 2 ADET MUM (\u00c7AP: 4 CM, DI\u015eI PLAST\u0130KT\u0130R) + 2 ADET BURGU MUM (18 CM) + 2 ADET MUMLUK (5X8 CM) KOKU: PURENESS<\/p>\n","protected":false},"excerpt":{"rendered":"<p>10176NPT00042 BAMBU KUTULU MUMLUK SET\u0130 \u0130\u00c7ER\u0130K; BAMBU KUTU (11,5X25,5X5,5 CM) + 2 ADET \u00c7AM A\u011eA\u00c7LI MUM (\u00c7AP: 4 CM, DI\u015eI PLAST\u0130KT\u0130R) + 2 ADET MUM (\u00c7AP: 4 CM, DI\u015eI PLAST\u0130KT\u0130R) + 2 ADET BURGU MUM (18 CM) + 2 ADET MUMLUK (5X8 CM) KOKU: PURENESS<\/p>\n","protected":false},"featured_media":32457,"template":"","meta":[],"product_brand":[],"product_cat":[2101],"product_tag":[7092],"class_list":{"0":"post-32456","1":"product","2":"type-product","3":"status-publish","4":"has-post-thumbnail","6":"product_cat-10176npt","7":"product_tag-10176npt00042","9":"first","10":"instock","11":"taxable","12":"shipping-taxable","13":"product-type-simple"},"_links":{"self":[{"href":"https:\/\/kervanmagazacilik.com\/index.php\/wp-json\/wp\/v2\/product\/32456","targetHints":{"allow":["GET"]}}],"collection":[{"href":"https:\/\/kervanmagazacilik.com\/index.php\/wp-json\/wp\/v2\/product"}],"about":[{"href":"https:\/\/kervanmagazacilik.com\/index.php\/wp-json\/wp\/v2\/types\/product"}],"wp:featuredmedia":[{"embeddable":true,"href":"https:\/\/kervanmagazacilik.com\/index.php\/wp-json\/wp\/v2\/media\/32457"}],"wp:attachment":[{"href":"https:\/\/kervanmagazacilik.com\/index.php\/wp-json\/wp\/v2\/media?parent=32456"}],"wp:term":[{"taxonomy":"product_brand","embeddable":true,"href":"https:\/\/kervanmagazacilik.com\/index.php\/wp-json\/wp\/v2\/product_brand?post=32456"},{"taxonomy":"product_cat","embeddable":true,"href":"https:\/\/kervanmagazacilik.com\/index.php\/wp-json\/wp\/v2\/product_cat?post=32456"},{"taxonomy":"product_tag","embeddable":true,"href":"https:\/\/kervanmagazacilik.com\/index.php\/wp-json\/wp\/v2\/product_tag?post=32456"}],"curies":[{"name":"wp","href":"https:\/\/api.w.org\/{rel}","templated":true}]}}