{"id":32449,"date":"2025-11-19T12:36:42","date_gmt":"2025-11-19T09:36:42","guid":{"rendered":"https:\/\/kervanmagazacilik.com\/?post_type=product&#038;p=32449"},"modified":"2025-11-21T10:28:48","modified_gmt":"2025-11-21T07:28:48","slug":"10176npt00041","status":"publish","type":"product","link":"https:\/\/kervanmagazacilik.com\/index.php\/urun\/10176npt00041\/","title":{"rendered":"10176NPT00041"},"content":{"rendered":"<p>10176NPT00041<\/p>\n<p>NAR MUMLUK\/B\u00dcY\u00dcK KARTANES\u0130 TA\u015eLI HAVLU 45&#215;70 cm KUTULU SET KIRMIZI<\/p>\n<p>\u0130\u00c7ER\u0130K; ASETATLI KRAFT KUTU (10X32X8 CM) + KAPAKLI CAM \u0130\u00c7ER\u0130S\u0130NDE NAR FORMUNDA MUM + HAVLU (45X70 CM) NOT: HAVLU \u00d6L\u00c7\u00dcS\u00dc +\/- 5 CM DE\u011e\u0130\u015eKENL\u0130K G\u00d6STEREB\u0130L\u0130R KOKU: PURENESS<\/p>\n","protected":false},"excerpt":{"rendered":"<p>10176NPT00041 NAR MUMLUK\/B\u00dcY\u00dcK KARTANES\u0130 TA\u015eLI HAVLU 45&#215;70 cm KUTULU SET KIRMIZI \u0130\u00c7ER\u0130K; ASETATLI KRAFT KUTU (10X32X8 CM) + KAPAKLI CAM \u0130\u00c7ER\u0130S\u0130NDE NAR FORMUNDA MUM + HAVLU (45X70 CM) NOT: HAVLU \u00d6L\u00c7\u00dcS\u00dc +\/- 5 CM DE\u011e\u0130\u015eKENL\u0130K G\u00d6STEREB\u0130L\u0130R KOKU: PURENESS<\/p>\n","protected":false},"featured_media":32451,"template":"","meta":[],"product_brand":[],"product_cat":[2101],"product_tag":[7091],"class_list":{"0":"post-32449","1":"product","2":"type-product","3":"status-publish","4":"has-post-thumbnail","6":"product_cat-10176npt","7":"product_tag-10176npt00041","9":"first","10":"instock","11":"taxable","12":"shipping-taxable","13":"product-type-simple"},"_links":{"self":[{"href":"https:\/\/kervanmagazacilik.com\/index.php\/wp-json\/wp\/v2\/product\/32449","targetHints":{"allow":["GET"]}}],"collection":[{"href":"https:\/\/kervanmagazacilik.com\/index.php\/wp-json\/wp\/v2\/product"}],"about":[{"href":"https:\/\/kervanmagazacilik.com\/index.php\/wp-json\/wp\/v2\/types\/product"}],"wp:featuredmedia":[{"embeddable":true,"href":"https:\/\/kervanmagazacilik.com\/index.php\/wp-json\/wp\/v2\/media\/32451"}],"wp:attachment":[{"href":"https:\/\/kervanmagazacilik.com\/index.php\/wp-json\/wp\/v2\/media?parent=32449"}],"wp:term":[{"taxonomy":"product_brand","embeddable":true,"href":"https:\/\/kervanmagazacilik.com\/index.php\/wp-json\/wp\/v2\/product_brand?post=32449"},{"taxonomy":"product_cat","embeddable":true,"href":"https:\/\/kervanmagazacilik.com\/index.php\/wp-json\/wp\/v2\/product_cat?post=32449"},{"taxonomy":"product_tag","embeddable":true,"href":"https:\/\/kervanmagazacilik.com\/index.php\/wp-json\/wp\/v2\/product_tag?post=32449"}],"curies":[{"name":"wp","href":"https:\/\/api.w.org\/{rel}","templated":true}]}}