{"id":32428,"date":"2025-11-19T12:24:35","date_gmt":"2025-11-19T09:24:35","guid":{"rendered":"https:\/\/kervanmagazacilik.com\/?post_type=product&#038;p=32428"},"modified":"2025-11-21T10:21:12","modified_gmt":"2025-11-21T07:21:12","slug":"10176npt00037","status":"publish","type":"product","link":"https:\/\/kervanmagazacilik.com\/index.php\/urun\/10176npt00037\/","title":{"rendered":"10176NPT00037"},"content":{"rendered":"<p>10176NPT00037<\/p>\n<p>6&#8217;LI KOZALAK KOKU TA\u015eI\/\u00c7OKLU A\u011eA\u00c7 NAKI\u015eLI HAVLU 50&#215;75 cm KUTULU SET BEYAZ<\/p>\n<p>\u0130\u00c7ER\u0130K; BAMBU KUTU (11,5X25,5X5,5 CM) + SPREY KOKU (50 CC) + 6 ADET KOZALAKLI A\u011eA\u00c7 S\u00dcS\u00dc(KOZALAKLAR KOKU TA\u015eIDIR) + HAVLU (50X75 CM) NOT: HAVLU \u00d6L\u00c7\u00dcS\u00dc +\/- 5 CM DE\u011e\u0130\u015eKENL\u0130K G\u00d6STEREB\u0130L\u0130R KOKU: PURENESS<\/p>\n","protected":false},"excerpt":{"rendered":"<p>10176NPT00037 6&#8217;LI KOZALAK KOKU TA\u015eI\/\u00c7OKLU A\u011eA\u00c7 NAKI\u015eLI HAVLU 50&#215;75 cm KUTULU SET BEYAZ \u0130\u00c7ER\u0130K; BAMBU KUTU (11,5X25,5X5,5 CM) + SPREY KOKU (50 CC) + 6 ADET KOZALAKLI A\u011eA\u00c7 S\u00dcS\u00dc(KOZALAKLAR KOKU TA\u015eIDIR) + HAVLU (50X75 CM) NOT: HAVLU \u00d6L\u00c7\u00dcS\u00dc +\/- 5 CM DE\u011e\u0130\u015eKENL\u0130K G\u00d6STEREB\u0130L\u0130R KOKU: PURENESS<\/p>\n","protected":false},"featured_media":32429,"template":"","meta":[],"product_brand":[],"product_cat":[2101],"product_tag":[7087],"class_list":{"0":"post-32428","1":"product","2":"type-product","3":"status-publish","4":"has-post-thumbnail","6":"product_cat-10176npt","7":"product_tag-10176npt00037","9":"first","10":"instock","11":"taxable","12":"shipping-taxable","13":"product-type-simple"},"_links":{"self":[{"href":"https:\/\/kervanmagazacilik.com\/index.php\/wp-json\/wp\/v2\/product\/32428","targetHints":{"allow":["GET"]}}],"collection":[{"href":"https:\/\/kervanmagazacilik.com\/index.php\/wp-json\/wp\/v2\/product"}],"about":[{"href":"https:\/\/kervanmagazacilik.com\/index.php\/wp-json\/wp\/v2\/types\/product"}],"wp:featuredmedia":[{"embeddable":true,"href":"https:\/\/kervanmagazacilik.com\/index.php\/wp-json\/wp\/v2\/media\/32429"}],"wp:attachment":[{"href":"https:\/\/kervanmagazacilik.com\/index.php\/wp-json\/wp\/v2\/media?parent=32428"}],"wp:term":[{"taxonomy":"product_brand","embeddable":true,"href":"https:\/\/kervanmagazacilik.com\/index.php\/wp-json\/wp\/v2\/product_brand?post=32428"},{"taxonomy":"product_cat","embeddable":true,"href":"https:\/\/kervanmagazacilik.com\/index.php\/wp-json\/wp\/v2\/product_cat?post=32428"},{"taxonomy":"product_tag","embeddable":true,"href":"https:\/\/kervanmagazacilik.com\/index.php\/wp-json\/wp\/v2\/product_tag?post=32428"}],"curies":[{"name":"wp","href":"https:\/\/api.w.org\/{rel}","templated":true}]}}