{"id":32356,"date":"2025-11-19T08:57:21","date_gmt":"2025-11-19T05:57:21","guid":{"rendered":"https:\/\/kervanmagazacilik.com\/?post_type=product&#038;p=32356"},"modified":"2025-11-19T08:57:21","modified_gmt":"2025-11-19T05:57:21","slug":"611srd000022-2","status":"publish","type":"product","link":"https:\/\/kervanmagazacilik.com\/index.php\/urun\/611srd000022-2\/","title":{"rendered":"611SRD000022"},"content":{"rendered":"<p>611SRD000022<\/p>\n<p>KOLTUK TK.2+1+1+SEHPA 985<\/p>\n<p>RATTAN<\/p>\n<p>\u0130K\u0130L\u0130 KOLTUK: 53x110x80cm<\/p>\n<p>TEKL\u0130 KOLTUK: 57x57x80cm<\/p>\n<p>SEHPA: 63x63x71cm<\/p>\n","protected":false},"excerpt":{"rendered":"<p>611SRD000022 KOLTUK TK.2+1+1+SEHPA 985 RATTAN \u0130K\u0130L\u0130 KOLTUK: 53x110x80cm TEKL\u0130 KOLTUK: 57x57x80cm SEHPA: 63x63x71cm<\/p>\n","protected":false},"featured_media":32357,"template":"","meta":[],"product_brand":[],"product_cat":[118],"product_tag":[6789],"class_list":{"0":"post-32356","1":"product","2":"type-product","3":"status-publish","4":"has-post-thumbnail","6":"product_cat-611srd","7":"product_tag-611srd000022","9":"first","10":"instock","11":"taxable","12":"shipping-taxable","13":"product-type-simple"},"_links":{"self":[{"href":"https:\/\/kervanmagazacilik.com\/index.php\/wp-json\/wp\/v2\/product\/32356","targetHints":{"allow":["GET"]}}],"collection":[{"href":"https:\/\/kervanmagazacilik.com\/index.php\/wp-json\/wp\/v2\/product"}],"about":[{"href":"https:\/\/kervanmagazacilik.com\/index.php\/wp-json\/wp\/v2\/types\/product"}],"wp:featuredmedia":[{"embeddable":true,"href":"https:\/\/kervanmagazacilik.com\/index.php\/wp-json\/wp\/v2\/media\/32357"}],"wp:attachment":[{"href":"https:\/\/kervanmagazacilik.com\/index.php\/wp-json\/wp\/v2\/media?parent=32356"}],"wp:term":[{"taxonomy":"product_brand","embeddable":true,"href":"https:\/\/kervanmagazacilik.com\/index.php\/wp-json\/wp\/v2\/product_brand?post=32356"},{"taxonomy":"product_cat","embeddable":true,"href":"https:\/\/kervanmagazacilik.com\/index.php\/wp-json\/wp\/v2\/product_cat?post=32356"},{"taxonomy":"product_tag","embeddable":true,"href":"https:\/\/kervanmagazacilik.com\/index.php\/wp-json\/wp\/v2\/product_tag?post=32356"}],"curies":[{"name":"wp","href":"https:\/\/api.w.org\/{rel}","templated":true}]}}