{"id":32296,"date":"2025-11-18T15:32:11","date_gmt":"2025-11-18T12:32:11","guid":{"rendered":"https:\/\/kervanmagazacilik.com\/?post_type=product&#038;p=32296"},"modified":"2025-11-18T15:32:11","modified_gmt":"2025-11-18T12:32:11","slug":"720den000069","status":"publish","type":"product","link":"https:\/\/kervanmagazacilik.com\/index.php\/urun\/720den000069\/","title":{"rendered":"720DEN000069"},"content":{"rendered":"<p>720DEN000069<\/p>\n<p>TASSEL LAMBADER 40&#215;172 cm<\/p>\n<p>Hafif nemli bez ile toz al\u0131nmal\u0131d\u0131r.<\/p>\n","protected":false},"excerpt":{"rendered":"<p>720DEN000069 TASSEL LAMBADER 40&#215;172 cm Hafif nemli bez ile toz al\u0131nmal\u0131d\u0131r.<\/p>\n","protected":false},"featured_media":32297,"template":"","meta":[],"product_brand":[],"product_cat":[178],"product_tag":[7074],"class_list":{"0":"post-32296","1":"product","2":"type-product","3":"status-publish","4":"has-post-thumbnail","6":"product_cat-720den","7":"product_tag-720den000069","9":"first","10":"instock","11":"taxable","12":"shipping-taxable","13":"product-type-simple"},"_links":{"self":[{"href":"https:\/\/kervanmagazacilik.com\/index.php\/wp-json\/wp\/v2\/product\/32296","targetHints":{"allow":["GET"]}}],"collection":[{"href":"https:\/\/kervanmagazacilik.com\/index.php\/wp-json\/wp\/v2\/product"}],"about":[{"href":"https:\/\/kervanmagazacilik.com\/index.php\/wp-json\/wp\/v2\/types\/product"}],"wp:featuredmedia":[{"embeddable":true,"href":"https:\/\/kervanmagazacilik.com\/index.php\/wp-json\/wp\/v2\/media\/32297"}],"wp:attachment":[{"href":"https:\/\/kervanmagazacilik.com\/index.php\/wp-json\/wp\/v2\/media?parent=32296"}],"wp:term":[{"taxonomy":"product_brand","embeddable":true,"href":"https:\/\/kervanmagazacilik.com\/index.php\/wp-json\/wp\/v2\/product_brand?post=32296"},{"taxonomy":"product_cat","embeddable":true,"href":"https:\/\/kervanmagazacilik.com\/index.php\/wp-json\/wp\/v2\/product_cat?post=32296"},{"taxonomy":"product_tag","embeddable":true,"href":"https:\/\/kervanmagazacilik.com\/index.php\/wp-json\/wp\/v2\/product_tag?post=32296"}],"curies":[{"name":"wp","href":"https:\/\/api.w.org\/{rel}","templated":true}]}}