{"id":32258,"date":"2025-11-17T17:19:48","date_gmt":"2025-11-17T14:19:48","guid":{"rendered":"https:\/\/kervanmagazacilik.com\/?post_type=product&#038;p=32258"},"modified":"2025-11-17T17:19:49","modified_gmt":"2025-11-17T14:19:49","slug":"611ydgn00278","status":"publish","type":"product","link":"https:\/\/kervanmagazacilik.com\/index.php\/urun\/611ydgn00278\/","title":{"rendered":"611YDGN00278"},"content":{"rendered":"<p>611YDGN00278<\/p>\n<p>T\u0130ANA K\u00d6\u015eE+D\u00d6RTL\u00dc KOLTUK TK.KREM 100x210x78cm-100x100x78cm-100x130x78cm<\/p>\n<p>\u015e\u00d6N\u0130L KUMA\u015e<\/p>\n<p>TEM\u0130ZL\u0130K K\u00d6P\u00dcKL\u00dc SU \u0130LE \u00d6NER\u0130L\u0130R<\/p>\n<p>1.MOD\u00dcL: 100x210x78cm<\/p>\n<p>2.MOD\u00dcL: 100x100x78cm<\/p>\n<p>3.MOD\u00dcL: 100x130x78cm<\/p>\n","protected":false},"excerpt":{"rendered":"<p>611YDGN00278 T\u0130ANA K\u00d6\u015eE+D\u00d6RTL\u00dc KOLTUK TK.KREM 100x210x78cm-100x100x78cm-100x130x78cm \u015e\u00d6N\u0130L KUMA\u015e TEM\u0130ZL\u0130K K\u00d6P\u00dcKL\u00dc SU \u0130LE \u00d6NER\u0130L\u0130R 1.MOD\u00dcL: 100x210x78cm 2.MOD\u00dcL: 100x100x78cm 3.MOD\u00dcL: 100x130x78cm<\/p>\n","protected":false},"featured_media":32260,"template":"","meta":[],"product_brand":[],"product_cat":[5750],"product_tag":[7068],"class_list":{"0":"post-32258","1":"product","2":"type-product","3":"status-publish","4":"has-post-thumbnail","6":"product_cat-611ydgn","7":"product_tag-611ydgn00278","9":"first","10":"instock","11":"taxable","12":"shipping-taxable","13":"product-type-simple"},"_links":{"self":[{"href":"https:\/\/kervanmagazacilik.com\/index.php\/wp-json\/wp\/v2\/product\/32258","targetHints":{"allow":["GET"]}}],"collection":[{"href":"https:\/\/kervanmagazacilik.com\/index.php\/wp-json\/wp\/v2\/product"}],"about":[{"href":"https:\/\/kervanmagazacilik.com\/index.php\/wp-json\/wp\/v2\/types\/product"}],"wp:featuredmedia":[{"embeddable":true,"href":"https:\/\/kervanmagazacilik.com\/index.php\/wp-json\/wp\/v2\/media\/32260"}],"wp:attachment":[{"href":"https:\/\/kervanmagazacilik.com\/index.php\/wp-json\/wp\/v2\/media?parent=32258"}],"wp:term":[{"taxonomy":"product_brand","embeddable":true,"href":"https:\/\/kervanmagazacilik.com\/index.php\/wp-json\/wp\/v2\/product_brand?post=32258"},{"taxonomy":"product_cat","embeddable":true,"href":"https:\/\/kervanmagazacilik.com\/index.php\/wp-json\/wp\/v2\/product_cat?post=32258"},{"taxonomy":"product_tag","embeddable":true,"href":"https:\/\/kervanmagazacilik.com\/index.php\/wp-json\/wp\/v2\/product_tag?post=32258"}],"curies":[{"name":"wp","href":"https:\/\/api.w.org\/{rel}","templated":true}]}}