{"id":322,"date":"2024-08-12T15:29:46","date_gmt":"2024-08-12T12:29:46","guid":{"rendered":"https:\/\/kervanmagazacilik.com\/?post_type=product&#038;p=322"},"modified":"2024-08-12T15:29:46","modified_gmt":"2024-08-12T12:29:46","slug":"611ac0000505","status":"publish","type":"product","link":"https:\/\/kervanmagazacilik.com\/index.php\/urun\/611ac0000505\/","title":{"rendered":"611AC0000505"},"content":{"rendered":"<p>611AC0000505<\/p>\n<p>PAR\u0130S CH\u0130C TV \u00dcN\u0130TES\u0130 KREM-KAHVE<\/p>\n<p>46x207x57cm 9003081-409<\/p>\n","protected":false},"excerpt":{"rendered":"<p>611AC0000505 PAR\u0130S CH\u0130C TV \u00dcN\u0130TES\u0130 KREM-KAHVE 46x207x57cm 9003081-409<\/p>\n","protected":false},"featured_media":323,"template":"","meta":[],"product_brand":[],"product_cat":[42],"product_tag":[61],"class_list":{"0":"post-322","1":"product","2":"type-product","3":"status-publish","4":"has-post-thumbnail","6":"product_cat-611ac","7":"product_tag-611ac0000505","9":"first","10":"instock","11":"taxable","12":"shipping-taxable","13":"product-type-simple"},"_links":{"self":[{"href":"https:\/\/kervanmagazacilik.com\/index.php\/wp-json\/wp\/v2\/product\/322","targetHints":{"allow":["GET"]}}],"collection":[{"href":"https:\/\/kervanmagazacilik.com\/index.php\/wp-json\/wp\/v2\/product"}],"about":[{"href":"https:\/\/kervanmagazacilik.com\/index.php\/wp-json\/wp\/v2\/types\/product"}],"wp:featuredmedia":[{"embeddable":true,"href":"https:\/\/kervanmagazacilik.com\/index.php\/wp-json\/wp\/v2\/media\/323"}],"wp:attachment":[{"href":"https:\/\/kervanmagazacilik.com\/index.php\/wp-json\/wp\/v2\/media?parent=322"}],"wp:term":[{"taxonomy":"product_brand","embeddable":true,"href":"https:\/\/kervanmagazacilik.com\/index.php\/wp-json\/wp\/v2\/product_brand?post=322"},{"taxonomy":"product_cat","embeddable":true,"href":"https:\/\/kervanmagazacilik.com\/index.php\/wp-json\/wp\/v2\/product_cat?post=322"},{"taxonomy":"product_tag","embeddable":true,"href":"https:\/\/kervanmagazacilik.com\/index.php\/wp-json\/wp\/v2\/product_tag?post=322"}],"curies":[{"name":"wp","href":"https:\/\/api.w.org\/{rel}","templated":true}]}}