{"id":32197,"date":"2025-11-11T12:11:49","date_gmt":"2025-11-11T09:11:49","guid":{"rendered":"https:\/\/kervanmagazacilik.com\/?post_type=product&#038;p=32197"},"modified":"2025-11-11T12:11:49","modified_gmt":"2025-11-11T09:11:49","slug":"611wd0000044","status":"publish","type":"product","link":"https:\/\/kervanmagazacilik.com\/index.php\/urun\/611wd0000044\/","title":{"rendered":"611WD0000044"},"content":{"rendered":"<p>611WD0000044<\/p>\n<p>\u00dc\u00c7L\u00dc SEHPA 60x60x60cm-50x50x50cm-40x40x40cm NEW-02<\/p>\n<p>MERMER-METAL<\/p>\n","protected":false},"excerpt":{"rendered":"<p>611WD0000044 \u00dc\u00c7L\u00dc SEHPA 60x60x60cm-50x50x50cm-40x40x40cm NEW-02 MERMER-METAL<\/p>\n","protected":false},"featured_media":32198,"template":"","meta":[],"product_brand":[],"product_cat":[112],"product_tag":[7059],"class_list":{"0":"post-32197","1":"product","2":"type-product","3":"status-publish","4":"has-post-thumbnail","6":"product_cat-611wd","7":"product_tag-611wd0000044","9":"first","10":"instock","11":"taxable","12":"shipping-taxable","13":"product-type-simple"},"_links":{"self":[{"href":"https:\/\/kervanmagazacilik.com\/index.php\/wp-json\/wp\/v2\/product\/32197","targetHints":{"allow":["GET"]}}],"collection":[{"href":"https:\/\/kervanmagazacilik.com\/index.php\/wp-json\/wp\/v2\/product"}],"about":[{"href":"https:\/\/kervanmagazacilik.com\/index.php\/wp-json\/wp\/v2\/types\/product"}],"wp:featuredmedia":[{"embeddable":true,"href":"https:\/\/kervanmagazacilik.com\/index.php\/wp-json\/wp\/v2\/media\/32198"}],"wp:attachment":[{"href":"https:\/\/kervanmagazacilik.com\/index.php\/wp-json\/wp\/v2\/media?parent=32197"}],"wp:term":[{"taxonomy":"product_brand","embeddable":true,"href":"https:\/\/kervanmagazacilik.com\/index.php\/wp-json\/wp\/v2\/product_brand?post=32197"},{"taxonomy":"product_cat","embeddable":true,"href":"https:\/\/kervanmagazacilik.com\/index.php\/wp-json\/wp\/v2\/product_cat?post=32197"},{"taxonomy":"product_tag","embeddable":true,"href":"https:\/\/kervanmagazacilik.com\/index.php\/wp-json\/wp\/v2\/product_tag?post=32197"}],"curies":[{"name":"wp","href":"https:\/\/api.w.org\/{rel}","templated":true}]}}