{"id":32153,"date":"2025-11-07T11:27:24","date_gmt":"2025-11-07T08:27:24","guid":{"rendered":"https:\/\/kervanmagazacilik.com\/?post_type=product&#038;p=32153"},"modified":"2025-11-07T11:27:25","modified_gmt":"2025-11-07T08:27:25","slug":"759dcr000171","status":"publish","type":"product","link":"https:\/\/kervanmagazacilik.com\/index.php\/urun\/759dcr000171\/","title":{"rendered":"759DCR000171"},"content":{"rendered":"<p>759DCR000171<\/p>\n<p>GALAXY V\u0130SK\u0130 TAKIMI 3 PR\u00c7<\/p>\n<p>MALZEME: Cam \/ 3 par\u00e7adan olu\u015fmaktad\u0131r (Viski \u015fi\u015fesi + 2 bardak) Viski \u015fi\u015fesi: 1000 ml Bardaklar: 350 ml \/ Elde y\u0131kama yap\u0131lmal\u0131d\u0131r. Bula\u015f\u0131k makinesinde y\u0131kamay\u0131n\u0131z. Evde \u015f\u0131kl\u0131\u011f\u0131 ve zarafeti bir araya getirmek isteyenler i\u00e7in tasarlanan viski tak\u0131m\u0131, modern \u00e7izgileri ve g\u00f6z al\u0131c\u0131 tasar\u0131m\u0131yla dikkat \u00e7ekiyor. \u00dczerindeki zarif y\u0131ld\u0131z ve k\u00fcre desenleriyle gece g\u00f6ky\u00fcz\u00fcn\u00fc an\u0131msatan bu tak\u0131m, her viski sunumunu \u00f6zel bir ana d\u00f6n\u00fc\u015ft\u00fcr\u00fcr. Sofralar\u0131n\u0131zda estetik detaylara \u00f6nem veriyorsan\u0131z, bu set muhakkak sizin i\u00e7in tasarlanm\u0131\u015f. %100 el yap\u0131m\u0131 olan bu set, T\u00fcrkiye&#8217;de \u00fcretilmi\u015ftir ve do\u011fa dostu cam malzemelerden yap\u0131lm\u0131\u015ft\u0131r. G\u00fc\u00e7 ve zarafetin bulu\u015ftu\u011fu bu viski tak\u0131m\u0131, viski sunumlar\u0131n\u0131z\u0131 unutulmaz bir deneyime d\u00f6n\u00fc\u015ft\u00fcr\u00fcr.<\/p>\n","protected":false},"excerpt":{"rendered":"<p>759DCR000171 GALAXY V\u0130SK\u0130 TAKIMI 3 PR\u00c7 MALZEME: Cam \/ 3 par\u00e7adan olu\u015fmaktad\u0131r (Viski \u015fi\u015fesi + 2 bardak) Viski \u015fi\u015fesi: 1000 ml Bardaklar: 350 ml \/ Elde y\u0131kama yap\u0131lmal\u0131d\u0131r. Bula\u015f\u0131k makinesinde y\u0131kamay\u0131n\u0131z. Evde \u015f\u0131kl\u0131\u011f\u0131 ve zarafeti bir araya getirmek isteyenler i\u00e7in tasarlanan viski tak\u0131m\u0131, modern \u00e7izgileri ve g\u00f6z al\u0131c\u0131 tasar\u0131m\u0131yla dikkat \u00e7ekiyor. \u00dczerindeki zarif y\u0131ld\u0131z ve [&hellip;]<\/p>\n","protected":false},"featured_media":32154,"template":"","meta":[],"product_brand":[],"product_cat":[214],"product_tag":[7054],"class_list":{"0":"post-32153","1":"product","2":"type-product","3":"status-publish","4":"has-post-thumbnail","6":"product_cat-759dcr","7":"product_tag-759dcr000171","9":"first","10":"instock","11":"taxable","12":"shipping-taxable","13":"product-type-simple"},"_links":{"self":[{"href":"https:\/\/kervanmagazacilik.com\/index.php\/wp-json\/wp\/v2\/product\/32153","targetHints":{"allow":["GET"]}}],"collection":[{"href":"https:\/\/kervanmagazacilik.com\/index.php\/wp-json\/wp\/v2\/product"}],"about":[{"href":"https:\/\/kervanmagazacilik.com\/index.php\/wp-json\/wp\/v2\/types\/product"}],"wp:featuredmedia":[{"embeddable":true,"href":"https:\/\/kervanmagazacilik.com\/index.php\/wp-json\/wp\/v2\/media\/32154"}],"wp:attachment":[{"href":"https:\/\/kervanmagazacilik.com\/index.php\/wp-json\/wp\/v2\/media?parent=32153"}],"wp:term":[{"taxonomy":"product_brand","embeddable":true,"href":"https:\/\/kervanmagazacilik.com\/index.php\/wp-json\/wp\/v2\/product_brand?post=32153"},{"taxonomy":"product_cat","embeddable":true,"href":"https:\/\/kervanmagazacilik.com\/index.php\/wp-json\/wp\/v2\/product_cat?post=32153"},{"taxonomy":"product_tag","embeddable":true,"href":"https:\/\/kervanmagazacilik.com\/index.php\/wp-json\/wp\/v2\/product_tag?post=32153"}],"curies":[{"name":"wp","href":"https:\/\/api.w.org\/{rel}","templated":true}]}}