{"id":32146,"date":"2025-11-07T11:22:46","date_gmt":"2025-11-07T08:22:46","guid":{"rendered":"https:\/\/kervanmagazacilik.com\/?post_type=product&#038;p=32146"},"modified":"2025-11-07T11:22:47","modified_gmt":"2025-11-07T08:22:47","slug":"759dcr000170","status":"publish","type":"product","link":"https:\/\/kervanmagazacilik.com\/index.php\/urun\/759dcr000170\/","title":{"rendered":"759DCR000170"},"content":{"rendered":"<p>759DCR000170<\/p>\n<p>HORSE V\u0130SK\u0130 TAKIMI 3 PR\u00c7<\/p>\n<p>MALZEME: Cam \/ 3 par\u00e7adan olu\u015fmaktad\u0131r (Viski \u015fi\u015fesi + 2 bardak) Viski \u015fi\u015fesi: 1000 ml Bardaklar: 350 ml \/ Elde y\u0131kama yap\u0131lmal\u0131d\u0131r. Bula\u015f\u0131k makinesinde y\u0131kamay\u0131n\u0131z. 24 Ayar alt\u0131n yald\u0131zl\u0131 viski tak\u0131m\u0131, i\u00e7ki sunumunuza g\u00fc\u00e7 ve zarafet kat\u0131yor. Bu zarif viski tak\u0131m\u0131, 24 ayar alt\u0131n yald\u0131z detaylar\u0131 ve kristal efektiyle, viski sunumunu adeta bir rit\u00fcel haline getiriyor. 280 mm \u015fi\u015fe y\u00fcksekli\u011fi ve 350 ml kapasiteli bardaklar\u0131 ile hem fonksiyonel hem de dekoratif bir \u00fcr\u00fcn olan bu set, ki\u015fisel zevklerinize hitap eden bir tasar\u0131ma sahiptir.<br \/>\nBu set, hem \u00f6zel ak\u015fam yemeklerinde hem de g\u00fcnl\u00fck kullan\u0131mda fark yaratmak isteyenler i\u00e7in tasarlanm\u0131\u015ft\u0131r. Alt\u0131n yald\u0131z\u0131n \u0131\u015f\u0131lt\u0131s\u0131 ve cam\u0131n zarif \u015feffafl\u0131\u011f\u0131 ile g\u00f6z al\u0131c\u0131 bir kombinasyon sunar. %100 el yap\u0131m\u0131 olan bu set, T\u00fcrkiye&#8217;de \u00fcretilmi\u015ftir ve do\u011fa dostu cam malzemelerden yap\u0131lm\u0131\u015ft\u0131r. G\u00fc\u00e7 ve zarafetin bulu\u015ftu\u011fu bu viski tak\u0131m\u0131, viski sunumlar\u0131n\u0131z\u0131 unutulmaz bir deneyime d\u00f6n\u00fc\u015ft\u00fcr\u00fcr.<\/p>\n<p>&nbsp;<\/p>\n","protected":false},"excerpt":{"rendered":"<p>759DCR000170 HORSE V\u0130SK\u0130 TAKIMI 3 PR\u00c7 MALZEME: Cam \/ 3 par\u00e7adan olu\u015fmaktad\u0131r (Viski \u015fi\u015fesi + 2 bardak) Viski \u015fi\u015fesi: 1000 ml Bardaklar: 350 ml \/ Elde y\u0131kama yap\u0131lmal\u0131d\u0131r. Bula\u015f\u0131k makinesinde y\u0131kamay\u0131n\u0131z. 24 Ayar alt\u0131n yald\u0131zl\u0131 viski tak\u0131m\u0131, i\u00e7ki sunumunuza g\u00fc\u00e7 ve zarafet kat\u0131yor. Bu zarif viski tak\u0131m\u0131, 24 ayar alt\u0131n yald\u0131z detaylar\u0131 ve kristal efektiyle, [&hellip;]<\/p>\n","protected":false},"featured_media":32147,"template":"","meta":[],"product_brand":[],"product_cat":[214],"product_tag":[7053],"class_list":{"0":"post-32146","1":"product","2":"type-product","3":"status-publish","4":"has-post-thumbnail","6":"product_cat-759dcr","7":"product_tag-759dcr000170","9":"first","10":"instock","11":"taxable","12":"shipping-taxable","13":"product-type-simple"},"_links":{"self":[{"href":"https:\/\/kervanmagazacilik.com\/index.php\/wp-json\/wp\/v2\/product\/32146","targetHints":{"allow":["GET"]}}],"collection":[{"href":"https:\/\/kervanmagazacilik.com\/index.php\/wp-json\/wp\/v2\/product"}],"about":[{"href":"https:\/\/kervanmagazacilik.com\/index.php\/wp-json\/wp\/v2\/types\/product"}],"wp:featuredmedia":[{"embeddable":true,"href":"https:\/\/kervanmagazacilik.com\/index.php\/wp-json\/wp\/v2\/media\/32147"}],"wp:attachment":[{"href":"https:\/\/kervanmagazacilik.com\/index.php\/wp-json\/wp\/v2\/media?parent=32146"}],"wp:term":[{"taxonomy":"product_brand","embeddable":true,"href":"https:\/\/kervanmagazacilik.com\/index.php\/wp-json\/wp\/v2\/product_brand?post=32146"},{"taxonomy":"product_cat","embeddable":true,"href":"https:\/\/kervanmagazacilik.com\/index.php\/wp-json\/wp\/v2\/product_cat?post=32146"},{"taxonomy":"product_tag","embeddable":true,"href":"https:\/\/kervanmagazacilik.com\/index.php\/wp-json\/wp\/v2\/product_tag?post=32146"}],"curies":[{"name":"wp","href":"https:\/\/api.w.org\/{rel}","templated":true}]}}