{"id":32136,"date":"2025-10-31T17:42:24","date_gmt":"2025-10-31T14:42:24","guid":{"rendered":"https:\/\/kervanmagazacilik.com\/?post_type=product&#038;p=32136"},"modified":"2025-10-31T17:42:25","modified_gmt":"2025-10-31T14:42:25","slug":"611pym000155","status":"publish","type":"product","link":"https:\/\/kervanmagazacilik.com\/index.php\/urun\/611pym000155\/","title":{"rendered":"611PYM000155"},"content":{"rendered":"<p>611PYM000155<\/p>\n<p>V\u0130ANO BERJER KAHVE 90&#215;81,5x62cm ( SUMMER 05)<\/p>\n<p>% 6 COTTON<\/p>\n<p>% 94 POLYESTER<\/p>\n<p>KURU TEM\u0130ZLEME \u00d6NER\u0130L\u0130R<\/p>\n<p>PROFESYONEL TEM\u0130ZL\u0130K \u00d6NER\u0130L\u0130R<\/p>\n","protected":false},"excerpt":{"rendered":"<p>611PYM000155 V\u0130ANO BERJER KAHVE 90&#215;81,5x62cm ( SUMMER 05) % 6 COTTON % 94 POLYESTER KURU TEM\u0130ZLEME \u00d6NER\u0130L\u0130R PROFESYONEL TEM\u0130ZL\u0130K \u00d6NER\u0130L\u0130R<\/p>\n","protected":false},"featured_media":32137,"template":"","meta":[],"product_brand":[],"product_cat":[73],"product_tag":[7051],"class_list":{"0":"post-32136","1":"product","2":"type-product","3":"status-publish","4":"has-post-thumbnail","6":"product_cat-611pym","7":"product_tag-611pym000155","9":"first","10":"instock","11":"taxable","12":"shipping-taxable","13":"product-type-simple"},"_links":{"self":[{"href":"https:\/\/kervanmagazacilik.com\/index.php\/wp-json\/wp\/v2\/product\/32136","targetHints":{"allow":["GET"]}}],"collection":[{"href":"https:\/\/kervanmagazacilik.com\/index.php\/wp-json\/wp\/v2\/product"}],"about":[{"href":"https:\/\/kervanmagazacilik.com\/index.php\/wp-json\/wp\/v2\/types\/product"}],"wp:featuredmedia":[{"embeddable":true,"href":"https:\/\/kervanmagazacilik.com\/index.php\/wp-json\/wp\/v2\/media\/32137"}],"wp:attachment":[{"href":"https:\/\/kervanmagazacilik.com\/index.php\/wp-json\/wp\/v2\/media?parent=32136"}],"wp:term":[{"taxonomy":"product_brand","embeddable":true,"href":"https:\/\/kervanmagazacilik.com\/index.php\/wp-json\/wp\/v2\/product_brand?post=32136"},{"taxonomy":"product_cat","embeddable":true,"href":"https:\/\/kervanmagazacilik.com\/index.php\/wp-json\/wp\/v2\/product_cat?post=32136"},{"taxonomy":"product_tag","embeddable":true,"href":"https:\/\/kervanmagazacilik.com\/index.php\/wp-json\/wp\/v2\/product_tag?post=32136"}],"curies":[{"name":"wp","href":"https:\/\/api.w.org\/{rel}","templated":true}]}}