{"id":32059,"date":"2025-10-27T14:12:50","date_gmt":"2025-10-27T11:12:50","guid":{"rendered":"https:\/\/kervanmagazacilik.com\/?post_type=product&#038;p=32059"},"modified":"2025-10-27T14:12:51","modified_gmt":"2025-10-27T11:12:51","slug":"prj1artf0039","status":"publish","type":"product","link":"https:\/\/kervanmagazacilik.com\/index.php\/urun\/prj1artf0039\/","title":{"rendered":"PRJ1ARTF0039"},"content":{"rendered":"<p>PRJ1ARTF0039<\/p>\n<p>BOULEVARD 2 KAPAKLI \u015e\u0130FONYER KIRMIZI 53x107x112cm 351397-2719<\/p>\n<p>Nemli bezle temizleyin, ara s\u0131ra silikon i\u00e7ermeyen mobilya cilas\u0131 kullan\u0131n Kavak ve Hu\u015f A\u011fac\u0131 Masifleri; Prima Vera Kaplamalar\u0131<\/p>\n","protected":false},"excerpt":{"rendered":"<p>PRJ1ARTF0039 BOULEVARD 2 KAPAKLI \u015e\u0130FONYER KIRMIZI 53x107x112cm 351397-2719 Nemli bezle temizleyin, ara s\u0131ra silikon i\u00e7ermeyen mobilya cilas\u0131 kullan\u0131n Kavak ve Hu\u015f A\u011fac\u0131 Masifleri; Prima Vera Kaplamalar\u0131<\/p>\n","protected":false},"featured_media":32060,"template":"","meta":[],"product_brand":[],"product_cat":[7006],"product_tag":[7044],"class_list":{"0":"post-32059","1":"product","2":"type-product","3":"status-publish","4":"has-post-thumbnail","6":"product_cat-prj1artf","7":"product_tag-prj1artf0039","9":"first","10":"instock","11":"taxable","12":"shipping-taxable","13":"product-type-simple"},"_links":{"self":[{"href":"https:\/\/kervanmagazacilik.com\/index.php\/wp-json\/wp\/v2\/product\/32059","targetHints":{"allow":["GET"]}}],"collection":[{"href":"https:\/\/kervanmagazacilik.com\/index.php\/wp-json\/wp\/v2\/product"}],"about":[{"href":"https:\/\/kervanmagazacilik.com\/index.php\/wp-json\/wp\/v2\/types\/product"}],"wp:featuredmedia":[{"embeddable":true,"href":"https:\/\/kervanmagazacilik.com\/index.php\/wp-json\/wp\/v2\/media\/32060"}],"wp:attachment":[{"href":"https:\/\/kervanmagazacilik.com\/index.php\/wp-json\/wp\/v2\/media?parent=32059"}],"wp:term":[{"taxonomy":"product_brand","embeddable":true,"href":"https:\/\/kervanmagazacilik.com\/index.php\/wp-json\/wp\/v2\/product_brand?post=32059"},{"taxonomy":"product_cat","embeddable":true,"href":"https:\/\/kervanmagazacilik.com\/index.php\/wp-json\/wp\/v2\/product_cat?post=32059"},{"taxonomy":"product_tag","embeddable":true,"href":"https:\/\/kervanmagazacilik.com\/index.php\/wp-json\/wp\/v2\/product_tag?post=32059"}],"curies":[{"name":"wp","href":"https:\/\/api.w.org\/{rel}","templated":true}]}}