{"id":32045,"date":"2025-10-27T13:51:17","date_gmt":"2025-10-27T10:51:17","guid":{"rendered":"https:\/\/kervanmagazacilik.com\/?post_type=product&#038;p=32045"},"modified":"2025-10-27T13:51:18","modified_gmt":"2025-10-27T10:51:18","slug":"prj1artf0037","status":"publish","type":"product","link":"https:\/\/kervanmagazacilik.com\/index.php\/urun\/prj1artf0037\/","title":{"rendered":"PRJ1ARTF0037"},"content":{"rendered":"<p>PRJ1ARTF0037<\/p>\n<p>EAVE YAN SEHPA CAMLI 51x51x58cm 436368-1227<\/p>\n<p>Nemli bezle temizleyin, ara s\u0131ra silikon i\u00e7ermeyen mobilya cilas\u0131 kullan\u0131n Kavak Masifleri ve Beyaz Me\u015fe Kaplamalar<\/p>\n","protected":false},"excerpt":{"rendered":"<p>PRJ1ARTF0037 EAVE YAN SEHPA CAMLI 51x51x58cm 436368-1227 Nemli bezle temizleyin, ara s\u0131ra silikon i\u00e7ermeyen mobilya cilas\u0131 kullan\u0131n Kavak Masifleri ve Beyaz Me\u015fe Kaplamalar<\/p>\n","protected":false},"featured_media":32046,"template":"","meta":[],"product_brand":[],"product_cat":[264,7006],"product_tag":[7042],"class_list":{"0":"post-32045","1":"product","2":"type-product","3":"status-publish","4":"has-post-thumbnail","6":"product_cat-759sb","7":"product_cat-prj1artf","8":"product_tag-prj1artf0037","10":"first","11":"instock","12":"taxable","13":"shipping-taxable","14":"product-type-simple"},"_links":{"self":[{"href":"https:\/\/kervanmagazacilik.com\/index.php\/wp-json\/wp\/v2\/product\/32045","targetHints":{"allow":["GET"]}}],"collection":[{"href":"https:\/\/kervanmagazacilik.com\/index.php\/wp-json\/wp\/v2\/product"}],"about":[{"href":"https:\/\/kervanmagazacilik.com\/index.php\/wp-json\/wp\/v2\/types\/product"}],"wp:featuredmedia":[{"embeddable":true,"href":"https:\/\/kervanmagazacilik.com\/index.php\/wp-json\/wp\/v2\/media\/32046"}],"wp:attachment":[{"href":"https:\/\/kervanmagazacilik.com\/index.php\/wp-json\/wp\/v2\/media?parent=32045"}],"wp:term":[{"taxonomy":"product_brand","embeddable":true,"href":"https:\/\/kervanmagazacilik.com\/index.php\/wp-json\/wp\/v2\/product_brand?post=32045"},{"taxonomy":"product_cat","embeddable":true,"href":"https:\/\/kervanmagazacilik.com\/index.php\/wp-json\/wp\/v2\/product_cat?post=32045"},{"taxonomy":"product_tag","embeddable":true,"href":"https:\/\/kervanmagazacilik.com\/index.php\/wp-json\/wp\/v2\/product_tag?post=32045"}],"curies":[{"name":"wp","href":"https:\/\/api.w.org\/{rel}","templated":true}]}}