{"id":32017,"date":"2025-10-27T13:37:01","date_gmt":"2025-10-27T10:37:01","guid":{"rendered":"https:\/\/kervanmagazacilik.com\/?post_type=product&#038;p=32017"},"modified":"2025-10-27T13:37:05","modified_gmt":"2025-10-27T10:37:05","slug":"prj1artf0034","status":"publish","type":"product","link":"https:\/\/kervanmagazacilik.com\/index.php\/urun\/prj1artf0034\/","title":{"rendered":"PRJ1ARTF0034"},"content":{"rendered":"<p>PRJ1ARTF0034<\/p>\n<p>EAVE \u015e\u0130FONYER 4 \u00c7EKMECEL\u0130 YE\u015e\u0130L 51x117x79cm 436397-1865<\/p>\n<p>Nemli bezle temizleyin, ara s\u0131ra silikon i\u00e7ermeyen mobilya cilas\u0131 kullan\u0131n Kavak Masifleri ve Beyaz Me\u015fe Kaplamalar<\/p>\n","protected":false},"excerpt":{"rendered":"<p>PRJ1ARTF0034 EAVE \u015e\u0130FONYER 4 \u00c7EKMECEL\u0130 YE\u015e\u0130L 51x117x79cm 436397-1865 Nemli bezle temizleyin, ara s\u0131ra silikon i\u00e7ermeyen mobilya cilas\u0131 kullan\u0131n Kavak Masifleri ve Beyaz Me\u015fe Kaplamalar<\/p>\n","protected":false},"featured_media":32018,"template":"","meta":[],"product_brand":[],"product_cat":[7006],"product_tag":[7039],"class_list":{"0":"post-32017","1":"product","2":"type-product","3":"status-publish","4":"has-post-thumbnail","6":"product_cat-prj1artf","7":"product_tag-prj1artf0034","9":"first","10":"instock","11":"taxable","12":"shipping-taxable","13":"product-type-simple"},"_links":{"self":[{"href":"https:\/\/kervanmagazacilik.com\/index.php\/wp-json\/wp\/v2\/product\/32017","targetHints":{"allow":["GET"]}}],"collection":[{"href":"https:\/\/kervanmagazacilik.com\/index.php\/wp-json\/wp\/v2\/product"}],"about":[{"href":"https:\/\/kervanmagazacilik.com\/index.php\/wp-json\/wp\/v2\/types\/product"}],"wp:featuredmedia":[{"embeddable":true,"href":"https:\/\/kervanmagazacilik.com\/index.php\/wp-json\/wp\/v2\/media\/32018"}],"wp:attachment":[{"href":"https:\/\/kervanmagazacilik.com\/index.php\/wp-json\/wp\/v2\/media?parent=32017"}],"wp:term":[{"taxonomy":"product_brand","embeddable":true,"href":"https:\/\/kervanmagazacilik.com\/index.php\/wp-json\/wp\/v2\/product_brand?post=32017"},{"taxonomy":"product_cat","embeddable":true,"href":"https:\/\/kervanmagazacilik.com\/index.php\/wp-json\/wp\/v2\/product_cat?post=32017"},{"taxonomy":"product_tag","embeddable":true,"href":"https:\/\/kervanmagazacilik.com\/index.php\/wp-json\/wp\/v2\/product_tag?post=32017"}],"curies":[{"name":"wp","href":"https:\/\/api.w.org\/{rel}","templated":true}]}}