{"id":32008,"date":"2025-10-27T12:34:38","date_gmt":"2025-10-27T09:34:38","guid":{"rendered":"https:\/\/kervanmagazacilik.com\/?post_type=product&#038;p=32008"},"modified":"2025-10-27T12:34:38","modified_gmt":"2025-10-27T09:34:38","slug":"prj1artf0033","status":"publish","type":"product","link":"https:\/\/kervanmagazacilik.com\/index.php\/urun\/prj1artf0033\/","title":{"rendered":"PRJ1ARTF0033"},"content":{"rendered":"<p>PRJ1ARTF0033<\/p>\n<p>EAVE \u015e\u0130FONYER 5 \u00c7EKMECEL\u0130 KAHVE 46x107x147cm 436150-1825<\/p>\n<p>Nemli bezle temizleyin, ara s\u0131ra silikon i\u00e7ermeyen mobilya cilas\u0131 kullan\u0131n Kavak ve Parawood masifleri, Beyaz Me\u015fe Kaplamalar<\/p>\n","protected":false},"excerpt":{"rendered":"<p>PRJ1ARTF0033 EAVE \u015e\u0130FONYER 5 \u00c7EKMECEL\u0130 KAHVE 46x107x147cm 436150-1825 Nemli bezle temizleyin, ara s\u0131ra silikon i\u00e7ermeyen mobilya cilas\u0131 kullan\u0131n Kavak ve Parawood masifleri, Beyaz Me\u015fe Kaplamalar<\/p>\n","protected":false},"featured_media":32009,"template":"","meta":[],"product_brand":[],"product_cat":[7006],"product_tag":[7038],"class_list":{"0":"post-32008","1":"product","2":"type-product","3":"status-publish","4":"has-post-thumbnail","6":"product_cat-prj1artf","7":"product_tag-prj1artf0033","9":"first","10":"instock","11":"taxable","12":"shipping-taxable","13":"product-type-simple"},"_links":{"self":[{"href":"https:\/\/kervanmagazacilik.com\/index.php\/wp-json\/wp\/v2\/product\/32008","targetHints":{"allow":["GET"]}}],"collection":[{"href":"https:\/\/kervanmagazacilik.com\/index.php\/wp-json\/wp\/v2\/product"}],"about":[{"href":"https:\/\/kervanmagazacilik.com\/index.php\/wp-json\/wp\/v2\/types\/product"}],"wp:featuredmedia":[{"embeddable":true,"href":"https:\/\/kervanmagazacilik.com\/index.php\/wp-json\/wp\/v2\/media\/32009"}],"wp:attachment":[{"href":"https:\/\/kervanmagazacilik.com\/index.php\/wp-json\/wp\/v2\/media?parent=32008"}],"wp:term":[{"taxonomy":"product_brand","embeddable":true,"href":"https:\/\/kervanmagazacilik.com\/index.php\/wp-json\/wp\/v2\/product_brand?post=32008"},{"taxonomy":"product_cat","embeddable":true,"href":"https:\/\/kervanmagazacilik.com\/index.php\/wp-json\/wp\/v2\/product_cat?post=32008"},{"taxonomy":"product_tag","embeddable":true,"href":"https:\/\/kervanmagazacilik.com\/index.php\/wp-json\/wp\/v2\/product_tag?post=32008"}],"curies":[{"name":"wp","href":"https:\/\/api.w.org\/{rel}","templated":true}]}}