{"id":31992,"date":"2025-10-24T14:09:22","date_gmt":"2025-10-24T11:09:22","guid":{"rendered":"https:\/\/kervanmagazacilik.com\/?post_type=product&#038;p=31992"},"modified":"2025-10-24T14:09:23","modified_gmt":"2025-10-24T11:09:23","slug":"prj1artf0032","status":"publish","type":"product","link":"https:\/\/kervanmagazacilik.com\/index.php\/urun\/prj1artf0032\/","title":{"rendered":"PRJ1ARTF0032"},"content":{"rendered":"<p>PRJ1ARTF0032<\/p>\n<p>EAVE KOMOD\u0130N 2 \u00c7EKMECEL\u0130 KAHVE 46x81x68cm 436141-1825<\/p>\n<p>Nemli bezle temizleyin, ara s\u0131ra silikon i\u00e7ermeyen mobilya cilas\u0131 kullan\u0131n Kavak ve Parawood masifleri, Beyaz Me\u015fe Kaplamalar<\/p>\n","protected":false},"excerpt":{"rendered":"<p>PRJ1ARTF0032 EAVE KOMOD\u0130N 2 \u00c7EKMECEL\u0130 KAHVE 46x81x68cm 436141-1825 Nemli bezle temizleyin, ara s\u0131ra silikon i\u00e7ermeyen mobilya cilas\u0131 kullan\u0131n Kavak ve Parawood masifleri, Beyaz Me\u015fe Kaplamalar<\/p>\n","protected":false},"featured_media":31993,"template":"","meta":[],"product_brand":[],"product_cat":[7006],"product_tag":[7037],"class_list":{"0":"post-31992","1":"product","2":"type-product","3":"status-publish","4":"has-post-thumbnail","6":"product_cat-prj1artf","7":"product_tag-prj1artf0032","9":"first","10":"instock","11":"taxable","12":"shipping-taxable","13":"product-type-simple"},"_links":{"self":[{"href":"https:\/\/kervanmagazacilik.com\/index.php\/wp-json\/wp\/v2\/product\/31992","targetHints":{"allow":["GET"]}}],"collection":[{"href":"https:\/\/kervanmagazacilik.com\/index.php\/wp-json\/wp\/v2\/product"}],"about":[{"href":"https:\/\/kervanmagazacilik.com\/index.php\/wp-json\/wp\/v2\/types\/product"}],"wp:featuredmedia":[{"embeddable":true,"href":"https:\/\/kervanmagazacilik.com\/index.php\/wp-json\/wp\/v2\/media\/31993"}],"wp:attachment":[{"href":"https:\/\/kervanmagazacilik.com\/index.php\/wp-json\/wp\/v2\/media?parent=31992"}],"wp:term":[{"taxonomy":"product_brand","embeddable":true,"href":"https:\/\/kervanmagazacilik.com\/index.php\/wp-json\/wp\/v2\/product_brand?post=31992"},{"taxonomy":"product_cat","embeddable":true,"href":"https:\/\/kervanmagazacilik.com\/index.php\/wp-json\/wp\/v2\/product_cat?post=31992"},{"taxonomy":"product_tag","embeddable":true,"href":"https:\/\/kervanmagazacilik.com\/index.php\/wp-json\/wp\/v2\/product_tag?post=31992"}],"curies":[{"name":"wp","href":"https:\/\/api.w.org\/{rel}","templated":true}]}}