{"id":31929,"date":"2025-10-24T11:13:03","date_gmt":"2025-10-24T08:13:03","guid":{"rendered":"https:\/\/kervanmagazacilik.com\/?post_type=product&#038;p=31929"},"modified":"2025-10-24T11:13:04","modified_gmt":"2025-10-24T08:13:04","slug":"prj1artf0024","status":"publish","type":"product","link":"https:\/\/kervanmagazacilik.com\/index.php\/urun\/prj1artf0024\/","title":{"rendered":"PRJ1ARTF0024"},"content":{"rendered":"<p>PRJ1ARTF0024<\/p>\n<p>EAVE KOLSUZ SANDALYE KAHVE 66x52x94cm 436206-1825<\/p>\n<p>Nemli bezle temizleyin, ara s\u0131ra silikon i\u00e7ermeyen mobilya cilas\u0131 kullan\u0131n Parawood Kat\u0131lar\u0131<\/p>\n","protected":false},"excerpt":{"rendered":"<p>PRJ1ARTF0024 EAVE KOLSUZ SANDALYE KAHVE 66x52x94cm 436206-1825 Nemli bezle temizleyin, ara s\u0131ra silikon i\u00e7ermeyen mobilya cilas\u0131 kullan\u0131n Parawood Kat\u0131lar\u0131<\/p>\n","protected":false},"featured_media":31930,"template":"","meta":[],"product_brand":[],"product_cat":[7006],"product_tag":[7029],"class_list":{"0":"post-31929","1":"product","2":"type-product","3":"status-publish","4":"has-post-thumbnail","6":"product_cat-prj1artf","7":"product_tag-prj1artf0024","9":"first","10":"instock","11":"taxable","12":"shipping-taxable","13":"product-type-simple"},"_links":{"self":[{"href":"https:\/\/kervanmagazacilik.com\/index.php\/wp-json\/wp\/v2\/product\/31929","targetHints":{"allow":["GET"]}}],"collection":[{"href":"https:\/\/kervanmagazacilik.com\/index.php\/wp-json\/wp\/v2\/product"}],"about":[{"href":"https:\/\/kervanmagazacilik.com\/index.php\/wp-json\/wp\/v2\/types\/product"}],"wp:featuredmedia":[{"embeddable":true,"href":"https:\/\/kervanmagazacilik.com\/index.php\/wp-json\/wp\/v2\/media\/31930"}],"wp:attachment":[{"href":"https:\/\/kervanmagazacilik.com\/index.php\/wp-json\/wp\/v2\/media?parent=31929"}],"wp:term":[{"taxonomy":"product_brand","embeddable":true,"href":"https:\/\/kervanmagazacilik.com\/index.php\/wp-json\/wp\/v2\/product_brand?post=31929"},{"taxonomy":"product_cat","embeddable":true,"href":"https:\/\/kervanmagazacilik.com\/index.php\/wp-json\/wp\/v2\/product_cat?post=31929"},{"taxonomy":"product_tag","embeddable":true,"href":"https:\/\/kervanmagazacilik.com\/index.php\/wp-json\/wp\/v2\/product_tag?post=31929"}],"curies":[{"name":"wp","href":"https:\/\/api.w.org\/{rel}","templated":true}]}}