{"id":31921,"date":"2025-10-24T11:10:34","date_gmt":"2025-10-24T08:10:34","guid":{"rendered":"https:\/\/kervanmagazacilik.com\/?post_type=product&#038;p=31921"},"modified":"2025-10-24T11:10:35","modified_gmt":"2025-10-24T08:10:35","slug":"prj1artf0023","status":"publish","type":"product","link":"https:\/\/kervanmagazacilik.com\/index.php\/urun\/prj1artf0023\/","title":{"rendered":"PRJ1ARTF0023"},"content":{"rendered":"<p>PRJ1ARTF0023<\/p>\n<p>EAVE KOLLU SANDALYE KAHVE 66x58x94cm 436207-1825<\/p>\n<p>Nemli bezle temizleyin, ara s\u0131ra silikon i\u00e7ermeyen mobilya cilas\u0131 kullan\u0131n Kavak ve Parawood masifleri, Beyaz Me\u015fe Kaplamalar<\/p>\n","protected":false},"excerpt":{"rendered":"<p>PRJ1ARTF0023 EAVE KOLLU SANDALYE KAHVE 66x58x94cm 436207-1825 Nemli bezle temizleyin, ara s\u0131ra silikon i\u00e7ermeyen mobilya cilas\u0131 kullan\u0131n Kavak ve Parawood masifleri, Beyaz Me\u015fe Kaplamalar<\/p>\n","protected":false},"featured_media":31922,"template":"","meta":[],"product_brand":[],"product_cat":[7006],"product_tag":[7028],"class_list":{"0":"post-31921","1":"product","2":"type-product","3":"status-publish","4":"has-post-thumbnail","6":"product_cat-prj1artf","7":"product_tag-prj1artf0023","9":"first","10":"instock","11":"taxable","12":"shipping-taxable","13":"product-type-simple"},"_links":{"self":[{"href":"https:\/\/kervanmagazacilik.com\/index.php\/wp-json\/wp\/v2\/product\/31921","targetHints":{"allow":["GET"]}}],"collection":[{"href":"https:\/\/kervanmagazacilik.com\/index.php\/wp-json\/wp\/v2\/product"}],"about":[{"href":"https:\/\/kervanmagazacilik.com\/index.php\/wp-json\/wp\/v2\/types\/product"}],"wp:featuredmedia":[{"embeddable":true,"href":"https:\/\/kervanmagazacilik.com\/index.php\/wp-json\/wp\/v2\/media\/31922"}],"wp:attachment":[{"href":"https:\/\/kervanmagazacilik.com\/index.php\/wp-json\/wp\/v2\/media?parent=31921"}],"wp:term":[{"taxonomy":"product_brand","embeddable":true,"href":"https:\/\/kervanmagazacilik.com\/index.php\/wp-json\/wp\/v2\/product_brand?post=31921"},{"taxonomy":"product_cat","embeddable":true,"href":"https:\/\/kervanmagazacilik.com\/index.php\/wp-json\/wp\/v2\/product_cat?post=31921"},{"taxonomy":"product_tag","embeddable":true,"href":"https:\/\/kervanmagazacilik.com\/index.php\/wp-json\/wp\/v2\/product_tag?post=31921"}],"curies":[{"name":"wp","href":"https:\/\/api.w.org\/{rel}","templated":true}]}}