{"id":31902,"date":"2025-10-24T11:05:58","date_gmt":"2025-10-24T08:05:58","guid":{"rendered":"https:\/\/kervanmagazacilik.com\/?post_type=product&#038;p=31902"},"modified":"2025-10-24T11:05:59","modified_gmt":"2025-10-24T08:05:59","slug":"prj1artf0021","status":"publish","type":"product","link":"https:\/\/kervanmagazacilik.com\/index.php\/urun\/prj1artf0021\/","title":{"rendered":"PRJ1ARTF0021"},"content":{"rendered":"<p>PRJ1ARTF0021<\/p>\n<p>EAVE D\u0130KD\u00d6RTGEN YEMEK MASASI A\u00c7ILIR KAHVE 112&#215;208-260x76cm 436222-1825<\/p>\n","protected":false},"excerpt":{"rendered":"<p>PRJ1ARTF0021 EAVE D\u0130KD\u00d6RTGEN YEMEK MASASI A\u00c7ILIR KAHVE 112&#215;208-260x76cm 436222-1825<\/p>\n","protected":false},"featured_media":31903,"template":"","meta":[],"product_brand":[],"product_cat":[7006],"product_tag":[7026],"class_list":{"0":"post-31902","1":"product","2":"type-product","3":"status-publish","4":"has-post-thumbnail","6":"product_cat-prj1artf","7":"product_tag-prj1artf0021","9":"first","10":"instock","11":"taxable","12":"shipping-taxable","13":"product-type-simple"},"_links":{"self":[{"href":"https:\/\/kervanmagazacilik.com\/index.php\/wp-json\/wp\/v2\/product\/31902","targetHints":{"allow":["GET"]}}],"collection":[{"href":"https:\/\/kervanmagazacilik.com\/index.php\/wp-json\/wp\/v2\/product"}],"about":[{"href":"https:\/\/kervanmagazacilik.com\/index.php\/wp-json\/wp\/v2\/types\/product"}],"wp:featuredmedia":[{"embeddable":true,"href":"https:\/\/kervanmagazacilik.com\/index.php\/wp-json\/wp\/v2\/media\/31903"}],"wp:attachment":[{"href":"https:\/\/kervanmagazacilik.com\/index.php\/wp-json\/wp\/v2\/media?parent=31902"}],"wp:term":[{"taxonomy":"product_brand","embeddable":true,"href":"https:\/\/kervanmagazacilik.com\/index.php\/wp-json\/wp\/v2\/product_brand?post=31902"},{"taxonomy":"product_cat","embeddable":true,"href":"https:\/\/kervanmagazacilik.com\/index.php\/wp-json\/wp\/v2\/product_cat?post=31902"},{"taxonomy":"product_tag","embeddable":true,"href":"https:\/\/kervanmagazacilik.com\/index.php\/wp-json\/wp\/v2\/product_tag?post=31902"}],"curies":[{"name":"wp","href":"https:\/\/api.w.org\/{rel}","templated":true}]}}