{"id":31869,"date":"2025-10-23T17:46:31","date_gmt":"2025-10-23T14:46:31","guid":{"rendered":"https:\/\/kervanmagazacilik.com\/?post_type=product&#038;p=31869"},"modified":"2025-10-23T17:46:31","modified_gmt":"2025-10-23T14:46:31","slug":"prj1artf0017","status":"publish","type":"product","link":"https:\/\/kervanmagazacilik.com\/index.php\/urun\/prj1artf0017\/","title":{"rendered":"PRJ1ARTF0017"},"content":{"rendered":"<p>PRJ1ARTF0017<\/p>\n<p>HAVEN KONSOL 3 \u00c7EK.2 KAP. KAHVE 55x183x91cm 339252-2325<\/p>\n<p>Nemli bezle temizleyin, ara s\u0131ra silikon i\u00e7ermeyen mobilya cilas\u0131 kullan\u0131nParawood Masifleri ve Beyaz Me\u015fe Kaplamalar<\/p>\n","protected":false},"excerpt":{"rendered":"<p>PRJ1ARTF0017 HAVEN KONSOL 3 \u00c7EK.2 KAP. KAHVE 55x183x91cm 339252-2325 Nemli bezle temizleyin, ara s\u0131ra silikon i\u00e7ermeyen mobilya cilas\u0131 kullan\u0131nParawood Masifleri ve Beyaz Me\u015fe Kaplamalar<\/p>\n","protected":false},"featured_media":31870,"template":"","meta":[],"product_brand":[],"product_cat":[7006],"product_tag":[7022],"class_list":{"0":"post-31869","1":"product","2":"type-product","3":"status-publish","4":"has-post-thumbnail","6":"product_cat-prj1artf","7":"product_tag-prj1artf0017","9":"first","10":"instock","11":"taxable","12":"shipping-taxable","13":"product-type-simple"},"_links":{"self":[{"href":"https:\/\/kervanmagazacilik.com\/index.php\/wp-json\/wp\/v2\/product\/31869","targetHints":{"allow":["GET"]}}],"collection":[{"href":"https:\/\/kervanmagazacilik.com\/index.php\/wp-json\/wp\/v2\/product"}],"about":[{"href":"https:\/\/kervanmagazacilik.com\/index.php\/wp-json\/wp\/v2\/types\/product"}],"wp:featuredmedia":[{"embeddable":true,"href":"https:\/\/kervanmagazacilik.com\/index.php\/wp-json\/wp\/v2\/media\/31870"}],"wp:attachment":[{"href":"https:\/\/kervanmagazacilik.com\/index.php\/wp-json\/wp\/v2\/media?parent=31869"}],"wp:term":[{"taxonomy":"product_brand","embeddable":true,"href":"https:\/\/kervanmagazacilik.com\/index.php\/wp-json\/wp\/v2\/product_brand?post=31869"},{"taxonomy":"product_cat","embeddable":true,"href":"https:\/\/kervanmagazacilik.com\/index.php\/wp-json\/wp\/v2\/product_cat?post=31869"},{"taxonomy":"product_tag","embeddable":true,"href":"https:\/\/kervanmagazacilik.com\/index.php\/wp-json\/wp\/v2\/product_tag?post=31869"}],"curies":[{"name":"wp","href":"https:\/\/api.w.org\/{rel}","templated":true}]}}