{"id":31815,"date":"2025-10-23T16:54:18","date_gmt":"2025-10-23T13:54:18","guid":{"rendered":"https:\/\/kervanmagazacilik.com\/?post_type=product&#038;p=31815"},"modified":"2025-10-23T16:54:18","modified_gmt":"2025-10-23T13:54:18","slug":"prj1artf0009","status":"publish","type":"product","link":"https:\/\/kervanmagazacilik.com\/index.php\/urun\/prj1artf0009\/","title":{"rendered":"PRJ1ARTF0009"},"content":{"rendered":"<p>PRJ1ARTF0009<\/p>\n<p>HAVEN C\u0130B\u0130NL\u0130KL\u0130 YATAK BEYAZ 166x227x234cm<\/p>\n<p>339135-2367CN-FB-HB-RS<\/p>\n<p>Nemli bezle temizleyin, ara s\u0131ra silikon i\u00e7ermeyen mobilya cilas\u0131 kullan\u0131n Parawood Masifleri ve Beyaz Me\u015fe Kaplamalar<\/p>\n<p>Yatak i\u00e7in i\u00e7 yatak \u00f6l\u00e7\u00fcs\u00fc 153 x 203 cm&#8217;dir.<\/p>\n","protected":false},"excerpt":{"rendered":"<p>PRJ1ARTF0009 HAVEN C\u0130B\u0130NL\u0130KL\u0130 YATAK BEYAZ 166x227x234cm 339135-2367CN-FB-HB-RS Nemli bezle temizleyin, ara s\u0131ra silikon i\u00e7ermeyen mobilya cilas\u0131 kullan\u0131n Parawood Masifleri ve Beyaz Me\u015fe Kaplamalar Yatak i\u00e7in i\u00e7 yatak \u00f6l\u00e7\u00fcs\u00fc 153 x 203 cm&#8217;dir.<\/p>\n","protected":false},"featured_media":31816,"template":"","meta":[],"product_brand":[],"product_cat":[7006],"product_tag":[7015],"class_list":{"0":"post-31815","1":"product","2":"type-product","3":"status-publish","4":"has-post-thumbnail","6":"product_cat-prj1artf","7":"product_tag-prj1artf0009","9":"first","10":"instock","11":"taxable","12":"shipping-taxable","13":"product-type-simple"},"_links":{"self":[{"href":"https:\/\/kervanmagazacilik.com\/index.php\/wp-json\/wp\/v2\/product\/31815","targetHints":{"allow":["GET"]}}],"collection":[{"href":"https:\/\/kervanmagazacilik.com\/index.php\/wp-json\/wp\/v2\/product"}],"about":[{"href":"https:\/\/kervanmagazacilik.com\/index.php\/wp-json\/wp\/v2\/types\/product"}],"wp:featuredmedia":[{"embeddable":true,"href":"https:\/\/kervanmagazacilik.com\/index.php\/wp-json\/wp\/v2\/media\/31816"}],"wp:attachment":[{"href":"https:\/\/kervanmagazacilik.com\/index.php\/wp-json\/wp\/v2\/media?parent=31815"}],"wp:term":[{"taxonomy":"product_brand","embeddable":true,"href":"https:\/\/kervanmagazacilik.com\/index.php\/wp-json\/wp\/v2\/product_brand?post=31815"},{"taxonomy":"product_cat","embeddable":true,"href":"https:\/\/kervanmagazacilik.com\/index.php\/wp-json\/wp\/v2\/product_cat?post=31815"},{"taxonomy":"product_tag","embeddable":true,"href":"https:\/\/kervanmagazacilik.com\/index.php\/wp-json\/wp\/v2\/product_tag?post=31815"}],"curies":[{"name":"wp","href":"https:\/\/api.w.org\/{rel}","templated":true}]}}