{"id":31795,"date":"2025-10-23T16:38:31","date_gmt":"2025-10-23T13:38:31","guid":{"rendered":"https:\/\/kervanmagazacilik.com\/?post_type=product&#038;p=31795"},"modified":"2025-10-23T16:38:31","modified_gmt":"2025-10-23T13:38:31","slug":"prj1artf0006","status":"publish","type":"product","link":"https:\/\/kervanmagazacilik.com\/index.php\/urun\/prj1artf0006\/","title":{"rendered":"PRJ1ARTF0006\u00a0"},"content":{"rendered":"<p>PRJ1ARTF0006<\/p>\n<p>HARBOR BACHELORS \u015e\u0130FONYER 3 \u00c7EMECEL\u0130 KAHVE 48x117x91cm<\/p>\n<p>338158-2731<\/p>\n","protected":false},"excerpt":{"rendered":"<p>PRJ1ARTF0006 HARBOR BACHELORS \u015e\u0130FONYER 3 \u00c7EMECEL\u0130 KAHVE 48x117x91cm 338158-2731<\/p>\n","protected":false},"featured_media":31796,"template":"","meta":[],"product_brand":[],"product_cat":[7006],"product_tag":[7012],"class_list":{"0":"post-31795","1":"product","2":"type-product","3":"status-publish","4":"has-post-thumbnail","6":"product_cat-prj1artf","7":"product_tag-prj1artf0006","9":"first","10":"instock","11":"taxable","12":"shipping-taxable","13":"product-type-simple"},"_links":{"self":[{"href":"https:\/\/kervanmagazacilik.com\/index.php\/wp-json\/wp\/v2\/product\/31795","targetHints":{"allow":["GET"]}}],"collection":[{"href":"https:\/\/kervanmagazacilik.com\/index.php\/wp-json\/wp\/v2\/product"}],"about":[{"href":"https:\/\/kervanmagazacilik.com\/index.php\/wp-json\/wp\/v2\/types\/product"}],"wp:featuredmedia":[{"embeddable":true,"href":"https:\/\/kervanmagazacilik.com\/index.php\/wp-json\/wp\/v2\/media\/31796"}],"wp:attachment":[{"href":"https:\/\/kervanmagazacilik.com\/index.php\/wp-json\/wp\/v2\/media?parent=31795"}],"wp:term":[{"taxonomy":"product_brand","embeddable":true,"href":"https:\/\/kervanmagazacilik.com\/index.php\/wp-json\/wp\/v2\/product_brand?post=31795"},{"taxonomy":"product_cat","embeddable":true,"href":"https:\/\/kervanmagazacilik.com\/index.php\/wp-json\/wp\/v2\/product_cat?post=31795"},{"taxonomy":"product_tag","embeddable":true,"href":"https:\/\/kervanmagazacilik.com\/index.php\/wp-json\/wp\/v2\/product_tag?post=31795"}],"curies":[{"name":"wp","href":"https:\/\/api.w.org\/{rel}","templated":true}]}}