{"id":31778,"date":"2025-10-23T16:34:14","date_gmt":"2025-10-23T13:34:14","guid":{"rendered":"https:\/\/kervanmagazacilik.com\/?post_type=product&#038;p=31778"},"modified":"2025-10-23T16:34:14","modified_gmt":"2025-10-23T13:34:14","slug":"prj1artf0004","status":"publish","type":"product","link":"https:\/\/kervanmagazacilik.com\/index.php\/urun\/prj1artf0004\/","title":{"rendered":"PRJ1ARTF0004"},"content":{"rendered":"<p>PRJ1ARTF0004<\/p>\n<p>HARBOR KOMOD\u0130N 3 \u00c7EKMECEL\u0130 KAHVE 48x81x76cm 338140-2731<\/p>\n","protected":false},"excerpt":{"rendered":"<p>PRJ1ARTF0004 HARBOR KOMOD\u0130N 3 \u00c7EKMECEL\u0130 KAHVE 48x81x76cm 338140-2731<\/p>\n","protected":false},"featured_media":31779,"template":"","meta":[],"product_brand":[],"product_cat":[7006],"product_tag":[7010],"class_list":{"0":"post-31778","1":"product","2":"type-product","3":"status-publish","4":"has-post-thumbnail","6":"product_cat-prj1artf","7":"product_tag-prj1artf0004","9":"first","10":"instock","11":"taxable","12":"shipping-taxable","13":"product-type-simple"},"_links":{"self":[{"href":"https:\/\/kervanmagazacilik.com\/index.php\/wp-json\/wp\/v2\/product\/31778","targetHints":{"allow":["GET"]}}],"collection":[{"href":"https:\/\/kervanmagazacilik.com\/index.php\/wp-json\/wp\/v2\/product"}],"about":[{"href":"https:\/\/kervanmagazacilik.com\/index.php\/wp-json\/wp\/v2\/types\/product"}],"wp:featuredmedia":[{"embeddable":true,"href":"https:\/\/kervanmagazacilik.com\/index.php\/wp-json\/wp\/v2\/media\/31779"}],"wp:attachment":[{"href":"https:\/\/kervanmagazacilik.com\/index.php\/wp-json\/wp\/v2\/media?parent=31778"}],"wp:term":[{"taxonomy":"product_brand","embeddable":true,"href":"https:\/\/kervanmagazacilik.com\/index.php\/wp-json\/wp\/v2\/product_brand?post=31778"},{"taxonomy":"product_cat","embeddable":true,"href":"https:\/\/kervanmagazacilik.com\/index.php\/wp-json\/wp\/v2\/product_cat?post=31778"},{"taxonomy":"product_tag","embeddable":true,"href":"https:\/\/kervanmagazacilik.com\/index.php\/wp-json\/wp\/v2\/product_tag?post=31778"}],"curies":[{"name":"wp","href":"https:\/\/api.w.org\/{rel}","templated":true}]}}