{"id":31708,"date":"2025-10-17T12:21:43","date_gmt":"2025-10-17T09:21:43","guid":{"rendered":"https:\/\/kervanmagazacilik.com\/?post_type=product&#038;p=31708"},"modified":"2025-10-22T16:40:32","modified_gmt":"2025-10-22T13:40:32","slug":"720dnts00017","status":"publish","type":"product","link":"https:\/\/kervanmagazacilik.com\/index.php\/urun\/720dnts00017\/","title":{"rendered":"720DNTS00017"},"content":{"rendered":"<p>720DNTS00017<\/p>\n<p>PAKULA MASA LAMBASI ALTIN 28&#215;43 cm<\/p>\n<p>POLYESTER\/KUMA\u015e (Kuru bez ile toz al\u0131nmal\u0131d\u0131r)<\/p>\n","protected":false},"excerpt":{"rendered":"<p>720DNTS00017 PAKULA MASA LAMBASI ALTIN 28&#215;43 cm POLYESTER\/KUMA\u015e (Kuru bez ile toz al\u0131nmal\u0131d\u0131r)<\/p>\n","protected":false},"featured_media":31709,"template":"","meta":[],"product_brand":[],"product_cat":[6987],"product_tag":[7004],"class_list":{"0":"post-31708","1":"product","2":"type-product","3":"status-publish","4":"has-post-thumbnail","6":"product_cat-720dnts","7":"product_tag-720dnts00017","9":"first","10":"instock","11":"taxable","12":"shipping-taxable","13":"product-type-simple"},"_links":{"self":[{"href":"https:\/\/kervanmagazacilik.com\/index.php\/wp-json\/wp\/v2\/product\/31708","targetHints":{"allow":["GET"]}}],"collection":[{"href":"https:\/\/kervanmagazacilik.com\/index.php\/wp-json\/wp\/v2\/product"}],"about":[{"href":"https:\/\/kervanmagazacilik.com\/index.php\/wp-json\/wp\/v2\/types\/product"}],"wp:featuredmedia":[{"embeddable":true,"href":"https:\/\/kervanmagazacilik.com\/index.php\/wp-json\/wp\/v2\/media\/31709"}],"wp:attachment":[{"href":"https:\/\/kervanmagazacilik.com\/index.php\/wp-json\/wp\/v2\/media?parent=31708"}],"wp:term":[{"taxonomy":"product_brand","embeddable":true,"href":"https:\/\/kervanmagazacilik.com\/index.php\/wp-json\/wp\/v2\/product_brand?post=31708"},{"taxonomy":"product_cat","embeddable":true,"href":"https:\/\/kervanmagazacilik.com\/index.php\/wp-json\/wp\/v2\/product_cat?post=31708"},{"taxonomy":"product_tag","embeddable":true,"href":"https:\/\/kervanmagazacilik.com\/index.php\/wp-json\/wp\/v2\/product_tag?post=31708"}],"curies":[{"name":"wp","href":"https:\/\/api.w.org\/{rel}","templated":true}]}}