{"id":31705,"date":"2025-10-17T12:18:23","date_gmt":"2025-10-17T09:18:23","guid":{"rendered":"https:\/\/kervanmagazacilik.com\/?post_type=product&#038;p=31705"},"modified":"2025-10-22T16:52:28","modified_gmt":"2025-10-22T13:52:28","slug":"720dnts00016","status":"publish","type":"product","link":"https:\/\/kervanmagazacilik.com\/index.php\/urun\/720dnts00016\/","title":{"rendered":"720DNTS00016"},"content":{"rendered":"<p>720DNTS00016<\/p>\n<p>PASEL MASA LAMBASI 22&#215;34 cm<\/p>\n<p>POLYESTER\/KUMA\u015e (Kuru bez ile toz al\u0131nmal\u0131d\u0131r)<\/p>\n","protected":false},"excerpt":{"rendered":"<p>720DNTS00016 PASEL MASA LAMBASI 22&#215;34 cm POLYESTER\/KUMA\u015e (Kuru bez ile toz al\u0131nmal\u0131d\u0131r)<\/p>\n","protected":false},"featured_media":31706,"template":"","meta":[],"product_brand":[],"product_cat":[6987],"product_tag":[7003],"class_list":{"0":"post-31705","1":"product","2":"type-product","3":"status-publish","4":"has-post-thumbnail","6":"product_cat-720dnts","7":"product_tag-720dnts00016","9":"first","10":"instock","11":"taxable","12":"shipping-taxable","13":"product-type-simple"},"_links":{"self":[{"href":"https:\/\/kervanmagazacilik.com\/index.php\/wp-json\/wp\/v2\/product\/31705","targetHints":{"allow":["GET"]}}],"collection":[{"href":"https:\/\/kervanmagazacilik.com\/index.php\/wp-json\/wp\/v2\/product"}],"about":[{"href":"https:\/\/kervanmagazacilik.com\/index.php\/wp-json\/wp\/v2\/types\/product"}],"wp:featuredmedia":[{"embeddable":true,"href":"https:\/\/kervanmagazacilik.com\/index.php\/wp-json\/wp\/v2\/media\/31706"}],"wp:attachment":[{"href":"https:\/\/kervanmagazacilik.com\/index.php\/wp-json\/wp\/v2\/media?parent=31705"}],"wp:term":[{"taxonomy":"product_brand","embeddable":true,"href":"https:\/\/kervanmagazacilik.com\/index.php\/wp-json\/wp\/v2\/product_brand?post=31705"},{"taxonomy":"product_cat","embeddable":true,"href":"https:\/\/kervanmagazacilik.com\/index.php\/wp-json\/wp\/v2\/product_cat?post=31705"},{"taxonomy":"product_tag","embeddable":true,"href":"https:\/\/kervanmagazacilik.com\/index.php\/wp-json\/wp\/v2\/product_tag?post=31705"}],"curies":[{"name":"wp","href":"https:\/\/api.w.org\/{rel}","templated":true}]}}