{"id":31663,"date":"2025-10-17T11:25:22","date_gmt":"2025-10-17T08:25:22","guid":{"rendered":"https:\/\/kervanmagazacilik.com\/?post_type=product&#038;p=31663"},"modified":"2025-10-22T17:27:00","modified_gmt":"2025-10-22T14:27:00","slug":"720dnts00003","status":"publish","type":"product","link":"https:\/\/kervanmagazacilik.com\/index.php\/urun\/720dnts00003\/","title":{"rendered":"720DNTS00003"},"content":{"rendered":"<p>720DNTS00003<\/p>\n<p>TUANA MASA LAMBASI 30&#215;65 cm<\/p>\n<p>POLYESTER\/METAL\/KUMA\u015e (Kuru bez ile toz al\u0131nmal\u0131d\u0131r)<\/p>\n","protected":false},"excerpt":{"rendered":"<p>720DNTS00003 TUANA MASA LAMBASI 30&#215;65 cm POLYESTER\/METAL\/KUMA\u015e (Kuru bez ile toz al\u0131nmal\u0131d\u0131r)<\/p>\n","protected":false},"featured_media":31664,"template":"","meta":[],"product_brand":[],"product_cat":[6987],"product_tag":[6990],"class_list":{"0":"post-31663","1":"product","2":"type-product","3":"status-publish","4":"has-post-thumbnail","6":"product_cat-720dnts","7":"product_tag-720dnts00003","9":"first","10":"instock","11":"taxable","12":"shipping-taxable","13":"product-type-simple"},"_links":{"self":[{"href":"https:\/\/kervanmagazacilik.com\/index.php\/wp-json\/wp\/v2\/product\/31663","targetHints":{"allow":["GET"]}}],"collection":[{"href":"https:\/\/kervanmagazacilik.com\/index.php\/wp-json\/wp\/v2\/product"}],"about":[{"href":"https:\/\/kervanmagazacilik.com\/index.php\/wp-json\/wp\/v2\/types\/product"}],"wp:featuredmedia":[{"embeddable":true,"href":"https:\/\/kervanmagazacilik.com\/index.php\/wp-json\/wp\/v2\/media\/31664"}],"wp:attachment":[{"href":"https:\/\/kervanmagazacilik.com\/index.php\/wp-json\/wp\/v2\/media?parent=31663"}],"wp:term":[{"taxonomy":"product_brand","embeddable":true,"href":"https:\/\/kervanmagazacilik.com\/index.php\/wp-json\/wp\/v2\/product_brand?post=31663"},{"taxonomy":"product_cat","embeddable":true,"href":"https:\/\/kervanmagazacilik.com\/index.php\/wp-json\/wp\/v2\/product_cat?post=31663"},{"taxonomy":"product_tag","embeddable":true,"href":"https:\/\/kervanmagazacilik.com\/index.php\/wp-json\/wp\/v2\/product_tag?post=31663"}],"curies":[{"name":"wp","href":"https:\/\/api.w.org\/{rel}","templated":true}]}}