{"id":31649,"date":"2025-10-14T16:46:25","date_gmt":"2025-10-14T13:46:25","guid":{"rendered":"https:\/\/kervanmagazacilik.com\/?post_type=product&#038;p=31649"},"modified":"2025-10-14T16:46:26","modified_gmt":"2025-10-14T13:46:26","slug":"720arp000023","status":"publish","type":"product","link":"https:\/\/kervanmagazacilik.com\/index.php\/urun\/720arp000023\/","title":{"rendered":"720ARP000023"},"content":{"rendered":"<p>720ARP000023<\/p>\n<p>AT SEHPALI LAMBADER 55X170 CM KAHVE<\/p>\n<p>MALZEME: POLYESTER + CAM + METAL<br \/>\n\u00d6l\u00e7\u00fcler +\/- 5 cm de\u011fi\u015fkenlik g\u00f6sterebilir<\/p>\n<p>KURU BEZ \u0130LE TOZ ALINMALIDIR<br \/>\nCAM: \u00c7AP 50 CM<\/p>\n","protected":false},"excerpt":{"rendered":"<p>720ARP000023 AT SEHPALI LAMBADER 55X170 CM KAHVE MALZEME: POLYESTER + CAM + METAL \u00d6l\u00e7\u00fcler +\/- 5 cm de\u011fi\u015fkenlik g\u00f6sterebilir KURU BEZ \u0130LE TOZ ALINMALIDIR CAM: \u00c7AP 50 CM<\/p>\n","protected":false},"featured_media":31650,"template":"","meta":[],"product_brand":[],"product_cat":[175],"product_tag":[6986],"class_list":{"0":"post-31649","1":"product","2":"type-product","3":"status-publish","4":"has-post-thumbnail","6":"product_cat-720arp","7":"product_tag-720arp000023","9":"first","10":"instock","11":"taxable","12":"shipping-taxable","13":"product-type-simple"},"_links":{"self":[{"href":"https:\/\/kervanmagazacilik.com\/index.php\/wp-json\/wp\/v2\/product\/31649","targetHints":{"allow":["GET"]}}],"collection":[{"href":"https:\/\/kervanmagazacilik.com\/index.php\/wp-json\/wp\/v2\/product"}],"about":[{"href":"https:\/\/kervanmagazacilik.com\/index.php\/wp-json\/wp\/v2\/types\/product"}],"wp:featuredmedia":[{"embeddable":true,"href":"https:\/\/kervanmagazacilik.com\/index.php\/wp-json\/wp\/v2\/media\/31650"}],"wp:attachment":[{"href":"https:\/\/kervanmagazacilik.com\/index.php\/wp-json\/wp\/v2\/media?parent=31649"}],"wp:term":[{"taxonomy":"product_brand","embeddable":true,"href":"https:\/\/kervanmagazacilik.com\/index.php\/wp-json\/wp\/v2\/product_brand?post=31649"},{"taxonomy":"product_cat","embeddable":true,"href":"https:\/\/kervanmagazacilik.com\/index.php\/wp-json\/wp\/v2\/product_cat?post=31649"},{"taxonomy":"product_tag","embeddable":true,"href":"https:\/\/kervanmagazacilik.com\/index.php\/wp-json\/wp\/v2\/product_tag?post=31649"}],"curies":[{"name":"wp","href":"https:\/\/api.w.org\/{rel}","templated":true}]}}