{"id":31643,"date":"2025-10-14T16:41:28","date_gmt":"2025-10-14T13:41:28","guid":{"rendered":"https:\/\/kervanmagazacilik.com\/?post_type=product&#038;p=31643"},"modified":"2025-10-14T16:48:25","modified_gmt":"2025-10-14T13:48:25","slug":"611dnt000043","status":"publish","type":"product","link":"https:\/\/kervanmagazacilik.com\/index.php\/urun\/611dnt000043\/","title":{"rendered":"611DNT000043"},"content":{"rendered":"<p>611DNT000043<\/p>\n<p>ELEGANCE YAN SEHPA P\u0130R\u0130N\u00c7 ESK\u0130TME 40X45X50,5 CM<\/p>\n<p>MATERYAL: METAL + POL\u0130\u00dcRETAN + CAM RENK: P\u0130R\u0130N\u00c7 ESK\u0130TME HAF\u0130F NEML\u0130 BEZ \u0130LE TOZ ALINMALIDIR<\/p>\n","protected":false},"excerpt":{"rendered":"<p>611DNT000043 ELEGANCE YAN SEHPA P\u0130R\u0130N\u00c7 ESK\u0130TME 40X45X50,5 CM MATERYAL: METAL + POL\u0130\u00dcRETAN + CAM RENK: P\u0130R\u0130N\u00c7 ESK\u0130TME HAF\u0130F NEML\u0130 BEZ \u0130LE TOZ ALINMALIDIR<\/p>\n","protected":false},"featured_media":31644,"template":"","meta":[],"product_brand":[],"product_cat":[88],"product_tag":[6985],"class_list":{"0":"post-31643","1":"product","2":"type-product","3":"status-publish","4":"has-post-thumbnail","6":"product_cat-611dnt","7":"product_tag-611dnt000043","9":"first","10":"instock","11":"taxable","12":"shipping-taxable","13":"product-type-simple"},"_links":{"self":[{"href":"https:\/\/kervanmagazacilik.com\/index.php\/wp-json\/wp\/v2\/product\/31643","targetHints":{"allow":["GET"]}}],"collection":[{"href":"https:\/\/kervanmagazacilik.com\/index.php\/wp-json\/wp\/v2\/product"}],"about":[{"href":"https:\/\/kervanmagazacilik.com\/index.php\/wp-json\/wp\/v2\/types\/product"}],"wp:featuredmedia":[{"embeddable":true,"href":"https:\/\/kervanmagazacilik.com\/index.php\/wp-json\/wp\/v2\/media\/31644"}],"wp:attachment":[{"href":"https:\/\/kervanmagazacilik.com\/index.php\/wp-json\/wp\/v2\/media?parent=31643"}],"wp:term":[{"taxonomy":"product_brand","embeddable":true,"href":"https:\/\/kervanmagazacilik.com\/index.php\/wp-json\/wp\/v2\/product_brand?post=31643"},{"taxonomy":"product_cat","embeddable":true,"href":"https:\/\/kervanmagazacilik.com\/index.php\/wp-json\/wp\/v2\/product_cat?post=31643"},{"taxonomy":"product_tag","embeddable":true,"href":"https:\/\/kervanmagazacilik.com\/index.php\/wp-json\/wp\/v2\/product_tag?post=31643"}],"curies":[{"name":"wp","href":"https:\/\/api.w.org\/{rel}","templated":true}]}}