{"id":31604,"date":"2025-10-13T14:47:24","date_gmt":"2025-10-13T11:47:24","guid":{"rendered":"https:\/\/kervanmagazacilik.com\/?post_type=product&#038;p=31604"},"modified":"2025-10-13T14:47:25","modified_gmt":"2025-10-13T11:47:25","slug":"759eaz000249","status":"publish","type":"product","link":"https:\/\/kervanmagazacilik.com\/index.php\/urun\/759eaz000249\/","title":{"rendered":"759EAZ000249"},"content":{"rendered":"<p>759EAZ000249<\/p>\n<p>2686 COTE Porselen Ka\u015f\u0131kl\u0131k 26 x 12 cm<\/p>\n","protected":false},"excerpt":{"rendered":"<p>759EAZ000249 2686 COTE Porselen Ka\u015f\u0131kl\u0131k 26 x 12 cm<\/p>\n","protected":false},"featured_media":31605,"template":"","meta":[],"product_brand":[],"product_cat":[4512],"product_tag":[6975],"class_list":{"0":"post-31604","1":"product","2":"type-product","3":"status-publish","4":"has-post-thumbnail","6":"product_cat-759eaz","7":"product_tag-759eaz000249","9":"first","10":"instock","11":"taxable","12":"shipping-taxable","13":"product-type-simple"},"_links":{"self":[{"href":"https:\/\/kervanmagazacilik.com\/index.php\/wp-json\/wp\/v2\/product\/31604","targetHints":{"allow":["GET"]}}],"collection":[{"href":"https:\/\/kervanmagazacilik.com\/index.php\/wp-json\/wp\/v2\/product"}],"about":[{"href":"https:\/\/kervanmagazacilik.com\/index.php\/wp-json\/wp\/v2\/types\/product"}],"wp:featuredmedia":[{"embeddable":true,"href":"https:\/\/kervanmagazacilik.com\/index.php\/wp-json\/wp\/v2\/media\/31605"}],"wp:attachment":[{"href":"https:\/\/kervanmagazacilik.com\/index.php\/wp-json\/wp\/v2\/media?parent=31604"}],"wp:term":[{"taxonomy":"product_brand","embeddable":true,"href":"https:\/\/kervanmagazacilik.com\/index.php\/wp-json\/wp\/v2\/product_brand?post=31604"},{"taxonomy":"product_cat","embeddable":true,"href":"https:\/\/kervanmagazacilik.com\/index.php\/wp-json\/wp\/v2\/product_cat?post=31604"},{"taxonomy":"product_tag","embeddable":true,"href":"https:\/\/kervanmagazacilik.com\/index.php\/wp-json\/wp\/v2\/product_tag?post=31604"}],"curies":[{"name":"wp","href":"https:\/\/api.w.org\/{rel}","templated":true}]}}