{"id":31564,"date":"2025-10-09T12:24:22","date_gmt":"2025-10-09T09:24:22","guid":{"rendered":"https:\/\/kervanmagazacilik.com\/?post_type=product&#038;p=31564"},"modified":"2025-10-09T12:24:22","modified_gmt":"2025-10-09T09:24:22","slug":"759eaz000242","status":"publish","type":"product","link":"https:\/\/kervanmagazacilik.com\/index.php\/urun\/759eaz000242\/","title":{"rendered":"759EAZ000242"},"content":{"rendered":"<p>759EAZ000242<\/p>\n<p>SETCON1 BORD 18 Par\u00e7a Porselen Yemek Tak\u0131m\u0131<\/p>\n","protected":false},"excerpt":{"rendered":"<p>759EAZ000242 SETCON1 BORD 18 Par\u00e7a Porselen Yemek Tak\u0131m\u0131<\/p>\n","protected":false},"featured_media":31565,"template":"","meta":[],"product_brand":[],"product_cat":[4512],"product_tag":[6962],"class_list":{"0":"post-31564","1":"product","2":"type-product","3":"status-publish","4":"has-post-thumbnail","6":"product_cat-759eaz","7":"product_tag-759eaz000242","9":"first","10":"instock","11":"taxable","12":"shipping-taxable","13":"product-type-simple"},"_links":{"self":[{"href":"https:\/\/kervanmagazacilik.com\/index.php\/wp-json\/wp\/v2\/product\/31564","targetHints":{"allow":["GET"]}}],"collection":[{"href":"https:\/\/kervanmagazacilik.com\/index.php\/wp-json\/wp\/v2\/product"}],"about":[{"href":"https:\/\/kervanmagazacilik.com\/index.php\/wp-json\/wp\/v2\/types\/product"}],"wp:featuredmedia":[{"embeddable":true,"href":"https:\/\/kervanmagazacilik.com\/index.php\/wp-json\/wp\/v2\/media\/31565"}],"wp:attachment":[{"href":"https:\/\/kervanmagazacilik.com\/index.php\/wp-json\/wp\/v2\/media?parent=31564"}],"wp:term":[{"taxonomy":"product_brand","embeddable":true,"href":"https:\/\/kervanmagazacilik.com\/index.php\/wp-json\/wp\/v2\/product_brand?post=31564"},{"taxonomy":"product_cat","embeddable":true,"href":"https:\/\/kervanmagazacilik.com\/index.php\/wp-json\/wp\/v2\/product_cat?post=31564"},{"taxonomy":"product_tag","embeddable":true,"href":"https:\/\/kervanmagazacilik.com\/index.php\/wp-json\/wp\/v2\/product_tag?post=31564"}],"curies":[{"name":"wp","href":"https:\/\/api.w.org\/{rel}","templated":true}]}}