{"id":31494,"date":"2025-10-08T15:29:19","date_gmt":"2025-10-08T12:29:19","guid":{"rendered":"https:\/\/kervanmagazacilik.com\/?post_type=product&#038;p=31494"},"modified":"2025-10-08T15:29:20","modified_gmt":"2025-10-08T12:29:20","slug":"759eaz000105","status":"publish","type":"product","link":"https:\/\/kervanmagazacilik.com\/index.php\/urun\/759eaz000105\/","title":{"rendered":"759EAZ000105"},"content":{"rendered":"<p>759EAZ000105<\/p>\n<p>1288 EXOT 2&#8217;L\u0130 PORSELEN KAHVE F\u0130NCANI 100 ML &amp; \u00c7AY TABA\u011eI<\/p>\n","protected":false},"excerpt":{"rendered":"<p>759EAZ000105 1288 EXOT 2&#8217;L\u0130 PORSELEN KAHVE F\u0130NCANI 100 ML &amp; \u00c7AY TABA\u011eI<\/p>\n","protected":false},"featured_media":31497,"template":"","meta":[],"product_brand":[],"product_cat":[4512],"product_tag":[6941],"class_list":{"0":"post-31494","1":"product","2":"type-product","3":"status-publish","4":"has-post-thumbnail","6":"product_cat-759eaz","7":"product_tag-759eaz000105","9":"first","10":"instock","11":"taxable","12":"shipping-taxable","13":"product-type-simple"},"_links":{"self":[{"href":"https:\/\/kervanmagazacilik.com\/index.php\/wp-json\/wp\/v2\/product\/31494","targetHints":{"allow":["GET"]}}],"collection":[{"href":"https:\/\/kervanmagazacilik.com\/index.php\/wp-json\/wp\/v2\/product"}],"about":[{"href":"https:\/\/kervanmagazacilik.com\/index.php\/wp-json\/wp\/v2\/types\/product"}],"wp:featuredmedia":[{"embeddable":true,"href":"https:\/\/kervanmagazacilik.com\/index.php\/wp-json\/wp\/v2\/media\/31497"}],"wp:attachment":[{"href":"https:\/\/kervanmagazacilik.com\/index.php\/wp-json\/wp\/v2\/media?parent=31494"}],"wp:term":[{"taxonomy":"product_brand","embeddable":true,"href":"https:\/\/kervanmagazacilik.com\/index.php\/wp-json\/wp\/v2\/product_brand?post=31494"},{"taxonomy":"product_cat","embeddable":true,"href":"https:\/\/kervanmagazacilik.com\/index.php\/wp-json\/wp\/v2\/product_cat?post=31494"},{"taxonomy":"product_tag","embeddable":true,"href":"https:\/\/kervanmagazacilik.com\/index.php\/wp-json\/wp\/v2\/product_tag?post=31494"}],"curies":[{"name":"wp","href":"https:\/\/api.w.org\/{rel}","templated":true}]}}