{"id":31462,"date":"2025-10-08T14:59:03","date_gmt":"2025-10-08T11:59:03","guid":{"rendered":"https:\/\/kervanmagazacilik.com\/?post_type=product&#038;p=31462"},"modified":"2025-10-08T14:59:03","modified_gmt":"2025-10-08T11:59:03","slug":"759eaz000084","status":"publish","type":"product","link":"https:\/\/kervanmagazacilik.com\/index.php\/urun\/759eaz000084\/","title":{"rendered":"759EAZ000084"},"content":{"rendered":"<p>759EAZ000084<\/p>\n<p>1107 CEYL 2&#8217;L\u0130 PORSELEN KAHVE F\u0130NCANI 80 ML &amp; TABA\u011eI SET\u0130<\/p>\n","protected":false},"excerpt":{"rendered":"<p>759EAZ000084 1107 CEYL 2&#8217;L\u0130 PORSELEN KAHVE F\u0130NCANI 80 ML &amp; TABA\u011eI SET\u0130<\/p>\n","protected":false},"featured_media":31466,"template":"","meta":[],"product_brand":[],"product_cat":[4512],"product_tag":[6928],"class_list":{"0":"post-31462","1":"product","2":"type-product","3":"status-publish","4":"has-post-thumbnail","6":"product_cat-759eaz","7":"product_tag-759eaz000084","9":"first","10":"instock","11":"taxable","12":"shipping-taxable","13":"product-type-simple"},"_links":{"self":[{"href":"https:\/\/kervanmagazacilik.com\/index.php\/wp-json\/wp\/v2\/product\/31462","targetHints":{"allow":["GET"]}}],"collection":[{"href":"https:\/\/kervanmagazacilik.com\/index.php\/wp-json\/wp\/v2\/product"}],"about":[{"href":"https:\/\/kervanmagazacilik.com\/index.php\/wp-json\/wp\/v2\/types\/product"}],"wp:featuredmedia":[{"embeddable":true,"href":"https:\/\/kervanmagazacilik.com\/index.php\/wp-json\/wp\/v2\/media\/31466"}],"wp:attachment":[{"href":"https:\/\/kervanmagazacilik.com\/index.php\/wp-json\/wp\/v2\/media?parent=31462"}],"wp:term":[{"taxonomy":"product_brand","embeddable":true,"href":"https:\/\/kervanmagazacilik.com\/index.php\/wp-json\/wp\/v2\/product_brand?post=31462"},{"taxonomy":"product_cat","embeddable":true,"href":"https:\/\/kervanmagazacilik.com\/index.php\/wp-json\/wp\/v2\/product_cat?post=31462"},{"taxonomy":"product_tag","embeddable":true,"href":"https:\/\/kervanmagazacilik.com\/index.php\/wp-json\/wp\/v2\/product_tag?post=31462"}],"curies":[{"name":"wp","href":"https:\/\/api.w.org\/{rel}","templated":true}]}}