{"id":31374,"date":"2025-10-08T08:40:04","date_gmt":"2025-10-08T05:40:04","guid":{"rendered":"https:\/\/kervanmagazacilik.com\/?post_type=product&#038;p=31374"},"modified":"2025-10-08T08:40:04","modified_gmt":"2025-10-08T05:40:04","slug":"759eaz000069","status":"publish","type":"product","link":"https:\/\/kervanmagazacilik.com\/index.php\/urun\/759eaz000069\/","title":{"rendered":"759EAZ000069"},"content":{"rendered":"<p>759EAZ000069<\/p>\n<p>0169 BOU1 2&#8217;L\u0130 T\u00dcRK KAHVES\u0130 F\u0130NCAN TAKIMI 75 ML. THE F\u0130RST K\u0130SS<\/p>\n","protected":false},"excerpt":{"rendered":"<p>759EAZ000069 0169 BOU1 2&#8217;L\u0130 T\u00dcRK KAHVES\u0130 F\u0130NCAN TAKIMI 75 ML. THE F\u0130RST K\u0130SS<\/p>\n","protected":false},"featured_media":31375,"template":"","meta":[],"product_brand":[],"product_cat":[4512],"product_tag":[6898],"class_list":{"0":"post-31374","1":"product","2":"type-product","3":"status-publish","4":"has-post-thumbnail","6":"product_cat-759eaz","7":"product_tag-759eaz000069","9":"first","10":"instock","11":"taxable","12":"shipping-taxable","13":"product-type-simple"},"_links":{"self":[{"href":"https:\/\/kervanmagazacilik.com\/index.php\/wp-json\/wp\/v2\/product\/31374","targetHints":{"allow":["GET"]}}],"collection":[{"href":"https:\/\/kervanmagazacilik.com\/index.php\/wp-json\/wp\/v2\/product"}],"about":[{"href":"https:\/\/kervanmagazacilik.com\/index.php\/wp-json\/wp\/v2\/types\/product"}],"wp:featuredmedia":[{"embeddable":true,"href":"https:\/\/kervanmagazacilik.com\/index.php\/wp-json\/wp\/v2\/media\/31375"}],"wp:attachment":[{"href":"https:\/\/kervanmagazacilik.com\/index.php\/wp-json\/wp\/v2\/media?parent=31374"}],"wp:term":[{"taxonomy":"product_brand","embeddable":true,"href":"https:\/\/kervanmagazacilik.com\/index.php\/wp-json\/wp\/v2\/product_brand?post=31374"},{"taxonomy":"product_cat","embeddable":true,"href":"https:\/\/kervanmagazacilik.com\/index.php\/wp-json\/wp\/v2\/product_cat?post=31374"},{"taxonomy":"product_tag","embeddable":true,"href":"https:\/\/kervanmagazacilik.com\/index.php\/wp-json\/wp\/v2\/product_tag?post=31374"}],"curies":[{"name":"wp","href":"https:\/\/api.w.org\/{rel}","templated":true}]}}