{"id":31361,"date":"2025-10-07T17:53:40","date_gmt":"2025-10-07T14:53:40","guid":{"rendered":"https:\/\/kervanmagazacilik.com\/?post_type=product&#038;p=31361"},"modified":"2025-10-07T17:53:41","modified_gmt":"2025-10-07T14:53:41","slug":"042004800866","status":"publish","type":"product","link":"https:\/\/kervanmagazacilik.com\/index.php\/urun\/042004800866\/","title":{"rendered":"042004800866"},"content":{"rendered":"<p>042004800866<\/p>\n<p>ALARA BEBEK 95X120 PIKE TAKIMI 3 PRC ECRU<\/p>\n<p>Kuma\u015f, %100 polyester<br \/>\nAksesuar, %100 polyester<br \/>\n30 derece y\u0131kama<br \/>\n\u00c7ama\u015f\u0131r suyu konamaz<br \/>\nKurutma makinesinde kurutulamaz<br \/>\nD\u00fc\u015f\u00fck \u0131s\u0131da \u00fct\u00fclenmelidir<\/p>\n<p>ALT GRUP: BEBEK-\u00c7O\u00c7UK ODASI TEKST\u0130L\u0130<\/p>\n<p>PIKE: 95X120cm<br \/>\n\u00c7AR\u015eAF: 120X150 cm<br \/>\nUYKU YASTI\u011eI: 35X50 cm (1 ADET)<\/p>\n","protected":false},"excerpt":{"rendered":"<p>042004800866 ALARA BEBEK 95X120 PIKE TAKIMI 3 PRC ECRU Kuma\u015f, %100 polyester Aksesuar, %100 polyester 30 derece y\u0131kama \u00c7ama\u015f\u0131r suyu konamaz Kurutma makinesinde kurutulamaz D\u00fc\u015f\u00fck \u0131s\u0131da \u00fct\u00fclenmelidir ALT GRUP: BEBEK-\u00c7O\u00c7UK ODASI TEKST\u0130L\u0130 PIKE: 95X120cm \u00c7AR\u015eAF: 120X150 cm UYKU YASTI\u011eI: 35X50 cm (1 ADET)<\/p>\n","protected":false},"featured_media":31363,"template":"","meta":[],"product_brand":[],"product_cat":[2478],"product_tag":[6897],"class_list":{"0":"post-31361","1":"product","2":"type-product","3":"status-publish","4":"has-post-thumbnail","6":"product_cat-2478","7":"product_tag-6897","9":"first","10":"instock","11":"taxable","12":"shipping-taxable","13":"product-type-simple"},"_links":{"self":[{"href":"https:\/\/kervanmagazacilik.com\/index.php\/wp-json\/wp\/v2\/product\/31361","targetHints":{"allow":["GET"]}}],"collection":[{"href":"https:\/\/kervanmagazacilik.com\/index.php\/wp-json\/wp\/v2\/product"}],"about":[{"href":"https:\/\/kervanmagazacilik.com\/index.php\/wp-json\/wp\/v2\/types\/product"}],"wp:featuredmedia":[{"embeddable":true,"href":"https:\/\/kervanmagazacilik.com\/index.php\/wp-json\/wp\/v2\/media\/31363"}],"wp:attachment":[{"href":"https:\/\/kervanmagazacilik.com\/index.php\/wp-json\/wp\/v2\/media?parent=31361"}],"wp:term":[{"taxonomy":"product_brand","embeddable":true,"href":"https:\/\/kervanmagazacilik.com\/index.php\/wp-json\/wp\/v2\/product_brand?post=31361"},{"taxonomy":"product_cat","embeddable":true,"href":"https:\/\/kervanmagazacilik.com\/index.php\/wp-json\/wp\/v2\/product_cat?post=31361"},{"taxonomy":"product_tag","embeddable":true,"href":"https:\/\/kervanmagazacilik.com\/index.php\/wp-json\/wp\/v2\/product_tag?post=31361"}],"curies":[{"name":"wp","href":"https:\/\/api.w.org\/{rel}","templated":true}]}}