{"id":31322,"date":"2025-10-07T16:20:47","date_gmt":"2025-10-07T13:20:47","guid":{"rendered":"https:\/\/kervanmagazacilik.com\/?post_type=product&#038;p=31322"},"modified":"2025-10-09T09:52:59","modified_gmt":"2025-10-09T06:52:59","slug":"759eaz000383","status":"publish","type":"product","link":"https:\/\/kervanmagazacilik.com\/index.php\/urun\/759eaz000383\/","title":{"rendered":"759EAZ000383"},"content":{"rendered":"<p>759EAZ000383<\/p>\n<p>2273 JVIB \u00c7ay\/Kahve Ka\u015f\u0131\u011f\u0131<\/p>\n<p>&nbsp;<\/p>\n","protected":false},"excerpt":{"rendered":"<p>759EAZ000383 2273 JVIB \u00c7ay\/Kahve Ka\u015f\u0131\u011f\u0131 &nbsp;<\/p>\n","protected":false},"featured_media":31551,"template":"","meta":[],"product_brand":[],"product_cat":[4512],"product_tag":[6888],"class_list":{"0":"post-31322","1":"product","2":"type-product","3":"status-publish","4":"has-post-thumbnail","6":"product_cat-759eaz","7":"product_tag-759eaz000383","9":"first","10":"instock","11":"taxable","12":"shipping-taxable","13":"product-type-simple"},"_links":{"self":[{"href":"https:\/\/kervanmagazacilik.com\/index.php\/wp-json\/wp\/v2\/product\/31322","targetHints":{"allow":["GET"]}}],"collection":[{"href":"https:\/\/kervanmagazacilik.com\/index.php\/wp-json\/wp\/v2\/product"}],"about":[{"href":"https:\/\/kervanmagazacilik.com\/index.php\/wp-json\/wp\/v2\/types\/product"}],"wp:featuredmedia":[{"embeddable":true,"href":"https:\/\/kervanmagazacilik.com\/index.php\/wp-json\/wp\/v2\/media\/31551"}],"wp:attachment":[{"href":"https:\/\/kervanmagazacilik.com\/index.php\/wp-json\/wp\/v2\/media?parent=31322"}],"wp:term":[{"taxonomy":"product_brand","embeddable":true,"href":"https:\/\/kervanmagazacilik.com\/index.php\/wp-json\/wp\/v2\/product_brand?post=31322"},{"taxonomy":"product_cat","embeddable":true,"href":"https:\/\/kervanmagazacilik.com\/index.php\/wp-json\/wp\/v2\/product_cat?post=31322"},{"taxonomy":"product_tag","embeddable":true,"href":"https:\/\/kervanmagazacilik.com\/index.php\/wp-json\/wp\/v2\/product_tag?post=31322"}],"curies":[{"name":"wp","href":"https:\/\/api.w.org\/{rel}","templated":true}]}}