{"id":31280,"date":"2025-10-07T14:47:45","date_gmt":"2025-10-07T11:47:45","guid":{"rendered":"https:\/\/kervanmagazacilik.com\/?post_type=product&#038;p=31280"},"modified":"2025-10-07T14:47:45","modified_gmt":"2025-10-07T11:47:45","slug":"759eaz000370","status":"publish","type":"product","link":"https:\/\/kervanmagazacilik.com\/index.php\/urun\/759eaz000370\/","title":{"rendered":"759EAZ000370"},"content":{"rendered":"<p>759EAZ000370<\/p>\n<p>0924 JVIB 4&#8217;l\u00fc Porselen Pasta Taba\u011f\u0131 \u00d8 19 cm<\/p>\n","protected":false},"excerpt":{"rendered":"<p>759EAZ000370 0924 JVIB 4&#8217;l\u00fc Porselen Pasta Taba\u011f\u0131 \u00d8 19 cm<\/p>\n","protected":false},"featured_media":31284,"template":"","meta":[],"product_brand":[],"product_cat":[4512],"product_tag":[6876],"class_list":{"0":"post-31280","1":"product","2":"type-product","3":"status-publish","4":"has-post-thumbnail","6":"product_cat-759eaz","7":"product_tag-759eaz000370","9":"first","10":"instock","11":"taxable","12":"shipping-taxable","13":"product-type-simple"},"_links":{"self":[{"href":"https:\/\/kervanmagazacilik.com\/index.php\/wp-json\/wp\/v2\/product\/31280","targetHints":{"allow":["GET"]}}],"collection":[{"href":"https:\/\/kervanmagazacilik.com\/index.php\/wp-json\/wp\/v2\/product"}],"about":[{"href":"https:\/\/kervanmagazacilik.com\/index.php\/wp-json\/wp\/v2\/types\/product"}],"wp:featuredmedia":[{"embeddable":true,"href":"https:\/\/kervanmagazacilik.com\/index.php\/wp-json\/wp\/v2\/media\/31284"}],"wp:attachment":[{"href":"https:\/\/kervanmagazacilik.com\/index.php\/wp-json\/wp\/v2\/media?parent=31280"}],"wp:term":[{"taxonomy":"product_brand","embeddable":true,"href":"https:\/\/kervanmagazacilik.com\/index.php\/wp-json\/wp\/v2\/product_brand?post=31280"},{"taxonomy":"product_cat","embeddable":true,"href":"https:\/\/kervanmagazacilik.com\/index.php\/wp-json\/wp\/v2\/product_cat?post=31280"},{"taxonomy":"product_tag","embeddable":true,"href":"https:\/\/kervanmagazacilik.com\/index.php\/wp-json\/wp\/v2\/product_tag?post=31280"}],"curies":[{"name":"wp","href":"https:\/\/api.w.org\/{rel}","templated":true}]}}