{"id":31269,"date":"2025-10-07T14:38:11","date_gmt":"2025-10-07T11:38:11","guid":{"rendered":"https:\/\/kervanmagazacilik.com\/?post_type=product&#038;p=31269"},"modified":"2025-10-07T14:38:12","modified_gmt":"2025-10-07T11:38:12","slug":"759eaz000366","status":"publish","type":"product","link":"https:\/\/kervanmagazacilik.com\/index.php\/urun\/759eaz000366\/","title":{"rendered":"759EAZ000366"},"content":{"rendered":"<p>759EAZ000366<\/p>\n<p>0414 JVIB 20&#8217;li Ka\u011f\u0131t Pe\u00e7ete 33 x 33 cm<\/p>\n","protected":false},"excerpt":{"rendered":"<p>759EAZ000366 0414 JVIB 20&#8217;li Ka\u011f\u0131t Pe\u00e7ete 33 x 33 cm<\/p>\n","protected":false},"featured_media":31271,"template":"","meta":[],"product_brand":[],"product_cat":[4512],"product_tag":[6872],"class_list":{"0":"post-31269","1":"product","2":"type-product","3":"status-publish","4":"has-post-thumbnail","6":"product_cat-759eaz","7":"product_tag-759eaz000366","9":"first","10":"instock","11":"taxable","12":"shipping-taxable","13":"product-type-simple"},"_links":{"self":[{"href":"https:\/\/kervanmagazacilik.com\/index.php\/wp-json\/wp\/v2\/product\/31269","targetHints":{"allow":["GET"]}}],"collection":[{"href":"https:\/\/kervanmagazacilik.com\/index.php\/wp-json\/wp\/v2\/product"}],"about":[{"href":"https:\/\/kervanmagazacilik.com\/index.php\/wp-json\/wp\/v2\/types\/product"}],"wp:featuredmedia":[{"embeddable":true,"href":"https:\/\/kervanmagazacilik.com\/index.php\/wp-json\/wp\/v2\/media\/31271"}],"wp:attachment":[{"href":"https:\/\/kervanmagazacilik.com\/index.php\/wp-json\/wp\/v2\/media?parent=31269"}],"wp:term":[{"taxonomy":"product_brand","embeddable":true,"href":"https:\/\/kervanmagazacilik.com\/index.php\/wp-json\/wp\/v2\/product_brand?post=31269"},{"taxonomy":"product_cat","embeddable":true,"href":"https:\/\/kervanmagazacilik.com\/index.php\/wp-json\/wp\/v2\/product_cat?post=31269"},{"taxonomy":"product_tag","embeddable":true,"href":"https:\/\/kervanmagazacilik.com\/index.php\/wp-json\/wp\/v2\/product_tag?post=31269"}],"curies":[{"name":"wp","href":"https:\/\/api.w.org\/{rel}","templated":true}]}}