{"id":31212,"date":"2025-10-07T10:14:19","date_gmt":"2025-10-07T07:14:19","guid":{"rendered":"https:\/\/kervanmagazacilik.com\/?post_type=product&#038;p=31212"},"modified":"2025-10-07T10:14:19","modified_gmt":"2025-10-07T07:14:19","slug":"161063125663","status":"publish","type":"product","link":"https:\/\/kervanmagazacilik.com\/index.php\/urun\/161063125663\/","title":{"rendered":"161063125663"},"content":{"rendered":"<p>161063125663<\/p>\n<p>MASS\u0130 10 PRC BORNOZ SET TAS-KREM<\/p>\n<p>Bornoz&amp; Havlu; %60 pamuk %40 bambu<br \/>\nAksesuar; %100 polyester<br \/>\n30 derece y\u0131kama<br \/>\n\u00c7ama\u015f\u0131r suyu konamaz<br \/>\nKurutma makinesinde kurutulamaz<br \/>\nD\u00fc\u015f\u00fck \u0131s\u0131da \u00fct\u00fclenmelidir<\/p>\n<p>ALT GRUP: BANYO TEKST\u0130L\u0130<\/p>\n","protected":false},"excerpt":{"rendered":"<p>161063125663 MASS\u0130 10 PRC BORNOZ SET TAS-KREM Bornoz&amp; Havlu; %60 pamuk %40 bambu Aksesuar; %100 polyester 30 derece y\u0131kama \u00c7ama\u015f\u0131r suyu konamaz Kurutma makinesinde kurutulamaz D\u00fc\u015f\u00fck \u0131s\u0131da \u00fct\u00fclenmelidir ALT GRUP: BANYO TEKST\u0130L\u0130<\/p>\n","protected":false},"featured_media":31213,"template":"","meta":[],"product_brand":[],"product_cat":[3213],"product_tag":[6855],"class_list":{"0":"post-31212","1":"product","2":"type-product","3":"status-publish","4":"has-post-thumbnail","6":"product_cat-3213","7":"product_tag-6855","9":"first","10":"instock","11":"taxable","12":"shipping-taxable","13":"product-type-simple"},"_links":{"self":[{"href":"https:\/\/kervanmagazacilik.com\/index.php\/wp-json\/wp\/v2\/product\/31212","targetHints":{"allow":["GET"]}}],"collection":[{"href":"https:\/\/kervanmagazacilik.com\/index.php\/wp-json\/wp\/v2\/product"}],"about":[{"href":"https:\/\/kervanmagazacilik.com\/index.php\/wp-json\/wp\/v2\/types\/product"}],"wp:featuredmedia":[{"embeddable":true,"href":"https:\/\/kervanmagazacilik.com\/index.php\/wp-json\/wp\/v2\/media\/31213"}],"wp:attachment":[{"href":"https:\/\/kervanmagazacilik.com\/index.php\/wp-json\/wp\/v2\/media?parent=31212"}],"wp:term":[{"taxonomy":"product_brand","embeddable":true,"href":"https:\/\/kervanmagazacilik.com\/index.php\/wp-json\/wp\/v2\/product_brand?post=31212"},{"taxonomy":"product_cat","embeddable":true,"href":"https:\/\/kervanmagazacilik.com\/index.php\/wp-json\/wp\/v2\/product_cat?post=31212"},{"taxonomy":"product_tag","embeddable":true,"href":"https:\/\/kervanmagazacilik.com\/index.php\/wp-json\/wp\/v2\/product_tag?post=31212"}],"curies":[{"name":"wp","href":"https:\/\/api.w.org\/{rel}","templated":true}]}}