{"id":31174,"date":"2025-10-03T15:14:46","date_gmt":"2025-10-03T12:14:46","guid":{"rendered":"https:\/\/kervanmagazacilik.com\/?post_type=product&#038;p=31174"},"modified":"2025-10-03T15:14:46","modified_gmt":"2025-10-03T12:14:46","slug":"759arp000334","status":"publish","type":"product","link":"https:\/\/kervanmagazacilik.com\/index.php\/urun\/759arp000334\/","title":{"rendered":"759ARP000334"},"content":{"rendered":"<p>759ARP000334<\/p>\n<p>KAPAKLI DEKORAT\u0130F VAZO GOLD ESK\u0130TME 30X50 CM<\/p>\n<p>MALZEME: POLYESTER<br \/>\n\u00d6l\u00e7\u00fcler +\/- 5 cm de\u011fi\u015fkenlik g\u00f6sterebilir<br \/>\nALT GRUP: DEKORATIF AKSESUAR<br \/>\nKURU BEZ \u0130LE TOZ ALINMALIDIR<\/p>\n","protected":false},"excerpt":{"rendered":"<p>759ARP000334 KAPAKLI DEKORAT\u0130F VAZO GOLD ESK\u0130TME 30X50 CM MALZEME: POLYESTER \u00d6l\u00e7\u00fcler +\/- 5 cm de\u011fi\u015fkenlik g\u00f6sterebilir ALT GRUP: DEKORATIF AKSESUAR KURU BEZ \u0130LE TOZ ALINMALIDIR<\/p>\n","protected":false},"featured_media":31175,"template":"","meta":[],"product_brand":[],"product_cat":[206],"product_tag":[6851],"class_list":{"0":"post-31174","1":"product","2":"type-product","3":"status-publish","4":"has-post-thumbnail","6":"product_cat-759arp","7":"product_tag-759arp000334","9":"first","10":"instock","11":"taxable","12":"shipping-taxable","13":"product-type-simple"},"_links":{"self":[{"href":"https:\/\/kervanmagazacilik.com\/index.php\/wp-json\/wp\/v2\/product\/31174","targetHints":{"allow":["GET"]}}],"collection":[{"href":"https:\/\/kervanmagazacilik.com\/index.php\/wp-json\/wp\/v2\/product"}],"about":[{"href":"https:\/\/kervanmagazacilik.com\/index.php\/wp-json\/wp\/v2\/types\/product"}],"wp:featuredmedia":[{"embeddable":true,"href":"https:\/\/kervanmagazacilik.com\/index.php\/wp-json\/wp\/v2\/media\/31175"}],"wp:attachment":[{"href":"https:\/\/kervanmagazacilik.com\/index.php\/wp-json\/wp\/v2\/media?parent=31174"}],"wp:term":[{"taxonomy":"product_brand","embeddable":true,"href":"https:\/\/kervanmagazacilik.com\/index.php\/wp-json\/wp\/v2\/product_brand?post=31174"},{"taxonomy":"product_cat","embeddable":true,"href":"https:\/\/kervanmagazacilik.com\/index.php\/wp-json\/wp\/v2\/product_cat?post=31174"},{"taxonomy":"product_tag","embeddable":true,"href":"https:\/\/kervanmagazacilik.com\/index.php\/wp-json\/wp\/v2\/product_tag?post=31174"}],"curies":[{"name":"wp","href":"https:\/\/api.w.org\/{rel}","templated":true}]}}