{"id":31091,"date":"2025-10-01T16:05:28","date_gmt":"2025-10-01T13:05:28","guid":{"rendered":"https:\/\/kervanmagazacilik.com\/?post_type=product&#038;p=31091"},"modified":"2025-10-01T16:05:28","modified_gmt":"2025-10-01T13:05:28","slug":"759dcr000141","status":"publish","type":"product","link":"https:\/\/kervanmagazacilik.com\/index.php\/urun\/759dcr000141\/","title":{"rendered":"759DCR000141"},"content":{"rendered":"<p>759DCR000141<\/p>\n<p>DROP 6&#8217;LI AYAKLI BARDAK BAL<\/p>\n<p>\u00dcr\u00fcn materyali; camd\u0131r. %100 el yap\u0131m\u0131d\u0131r. Bula\u015f\u0131k makinesinde y\u0131kanmaz. Elde, yumu\u015fak bir s\u00fcnger ve \u0131l\u0131k su ile temizlenmelidir.<\/p>\n<p>&nbsp;<\/p>\n","protected":false},"excerpt":{"rendered":"<p>759DCR000141 DROP 6&#8217;LI AYAKLI BARDAK BAL \u00dcr\u00fcn materyali; camd\u0131r. %100 el yap\u0131m\u0131d\u0131r. Bula\u015f\u0131k makinesinde y\u0131kanmaz. Elde, yumu\u015fak bir s\u00fcnger ve \u0131l\u0131k su ile temizlenmelidir. &nbsp;<\/p>\n","protected":false},"featured_media":31092,"template":"","meta":[],"product_brand":[],"product_cat":[28],"product_tag":[6841],"class_list":{"0":"post-31091","1":"product","2":"type-product","3":"status-publish","4":"has-post-thumbnail","6":"product_cat-genel","7":"product_tag-759dcr000141","9":"first","10":"instock","11":"taxable","12":"shipping-taxable","13":"product-type-simple"},"_links":{"self":[{"href":"https:\/\/kervanmagazacilik.com\/index.php\/wp-json\/wp\/v2\/product\/31091","targetHints":{"allow":["GET"]}}],"collection":[{"href":"https:\/\/kervanmagazacilik.com\/index.php\/wp-json\/wp\/v2\/product"}],"about":[{"href":"https:\/\/kervanmagazacilik.com\/index.php\/wp-json\/wp\/v2\/types\/product"}],"wp:featuredmedia":[{"embeddable":true,"href":"https:\/\/kervanmagazacilik.com\/index.php\/wp-json\/wp\/v2\/media\/31092"}],"wp:attachment":[{"href":"https:\/\/kervanmagazacilik.com\/index.php\/wp-json\/wp\/v2\/media?parent=31091"}],"wp:term":[{"taxonomy":"product_brand","embeddable":true,"href":"https:\/\/kervanmagazacilik.com\/index.php\/wp-json\/wp\/v2\/product_brand?post=31091"},{"taxonomy":"product_cat","embeddable":true,"href":"https:\/\/kervanmagazacilik.com\/index.php\/wp-json\/wp\/v2\/product_cat?post=31091"},{"taxonomy":"product_tag","embeddable":true,"href":"https:\/\/kervanmagazacilik.com\/index.php\/wp-json\/wp\/v2\/product_tag?post=31091"}],"curies":[{"name":"wp","href":"https:\/\/api.w.org\/{rel}","templated":true}]}}